{"id":1150,"date":"2020-07-28T09:42:31","date_gmt":"2020-07-28T09:42:31","guid":{"rendered":"https:\/\/www.tepro.co.at\/?post_type=product&#038;p=1150"},"modified":"2021-02-10T12:42:46","modified_gmt":"2021-02-10T12:42:46","slug":"gpo3-polyesterharzplatte-hm-2471","status":"publish","type":"product","link":"https:\/\/www.tepro.co.at\/en\/produkt\/starre-isolierstoffe-en\/platten-en\/gpo3-polyesterharzplatte-hm-2471\/","title":{"rendered":"GPO3 Polyesterharzplatte HM 2471"},"content":{"rendered":"<ul>\n<li>W\u00e4rmeklasse F (155\u00b0C)<\/li>\n<\/ul>\n<p>GPO3-Platten werden als Tr\u00e4ger mit Glasmatten und mit Polyesterharz unter hohen Druck und Temperatur mit hei\u00dfen Platten laminiert und gepresst.<\/p>\n<h2>Haupteigenschaften:<\/h2>\n<ul>\n<li>Kosteng\u00fcnstiges Plattenmaterial<\/li>\n<li>Gute mechanische Festigkeit<\/li>\n<li>Gute Formbest\u00e4ndigkeit<\/li>\n<li>Weitgehende Chemikalienbest\u00e4ndigkeit<\/li>\n<li>Gute mechanische Bearbeitbarkeit<\/li>\n<li>Ausgezeichnete elektrische Isoliereigenschaften<\/li>\n<\/ul>\n<h2>Lieferformen:<\/h2>\n<ul>\n<li>Platten in Gro\u00df- und Kleinformat<\/li>\n<li>In St\u00e4rken von 3 mm bis 70 mm<\/li>\n<li>Formteile laut Zeichnung<\/li>\n<\/ul>\n","protected":false},"excerpt":{"rendered":"<p>W\u00e4rmeklasse F (155\u00b0C) GPO3-Platten werden als Tr\u00e4ger mit Glasmatten und mit Polyesterharz unter hohen Druck und Temperatur mit hei\u00dfen Platten laminiert und gepresst. Haupteigenschaften: Kosteng\u00fcnstiges Plattenmaterial Gute mechanische Festigkeit Gute Formbest\u00e4ndigkeit Weitgehende Chemikalienbest\u00e4ndigkeit Gute mechanische Bearbeitbarkeit Ausgezeichnete elektrische Isoliereigenschaften Lieferformen: Platten in Gro\u00df- und Kleinformat In St\u00e4rken von 3 mm bis 70 mm Formteile laut&hellip;<\/p>\n","protected":false},"featured_media":1322,"template":"","meta":{"_acf_changed":false},"product_brand":[],"product_cat":[70],"product_tag":[],"class_list":{"0":"post-1150","1":"product","2":"type-product","3":"status-publish","4":"has-post-thumbnail","6":"product_cat-platten","8":"first","9":"instock","10":"shipping-taxable","11":"product-type-simple"},"acf":[],"_links":{"self":[{"href":"https:\/\/www.tepro.co.at\/en\/wp-json\/wp\/v2\/product\/1150","targetHints":{"allow":["GET"]}}],"collection":[{"href":"https:\/\/www.tepro.co.at\/en\/wp-json\/wp\/v2\/product"}],"about":[{"href":"https:\/\/www.tepro.co.at\/en\/wp-json\/wp\/v2\/types\/product"}],"wp:featuredmedia":[{"embeddable":true,"href":"https:\/\/www.tepro.co.at\/en\/wp-json\/wp\/v2\/media\/1322"}],"wp:attachment":[{"href":"https:\/\/www.tepro.co.at\/en\/wp-json\/wp\/v2\/media?parent=1150"}],"wp:term":[{"taxonomy":"product_brand","embeddable":true,"href":"https:\/\/www.tepro.co.at\/en\/wp-json\/wp\/v2\/product_brand?post=1150"},{"taxonomy":"product_cat","embeddable":true,"href":"https:\/\/www.tepro.co.at\/en\/wp-json\/wp\/v2\/product_cat?post=1150"},{"taxonomy":"product_tag","embeddable":true,"href":"https:\/\/www.tepro.co.at\/en\/wp-json\/wp\/v2\/product_tag?post=1150"}],"curies":[{"name":"wp","href":"https:\/\/api.w.org\/{rel}","templated":true}]}}