{"id":1153,"date":"2020-07-28T09:58:06","date_gmt":"2020-07-28T09:58:06","guid":{"rendered":"https:\/\/www.tepro.co.at\/?post_type=product&#038;p=1153"},"modified":"2021-02-10T12:38:42","modified_gmt":"2021-02-10T12:38:42","slug":"glimmerrohr-hd-600m","status":"publish","type":"product","link":"https:\/\/www.tepro.co.at\/en\/produkt\/starre-isolierstoffe-en\/hochtemperaturwerkstoffe-en\/glimmerrohr-hd-600m\/","title":{"rendered":"Glimmerrohr HD 600M"},"content":{"rendered":"<ul>\n<li>Grenztemperatur bis 600\u00b0C<\/li>\n<\/ul>\n<p>Glimmerrohre werden aus Silikonharz und impr\u00e4gnierten Glimmer unter hohen Druck und hoher Temperatur hergestellt. Diese Werkstoffgruppe ist auch bei h\u00f6heren Temperaturen mechanisch sehr gut belastbar und lichtbogenfest. Glimmerwerkstoffe sind anorganisch gebundene Verbundwerkstoffe. Sie beinhalten je nach Ausf\u00fchrung Matrixwerkstoffe aus Silikat, Glas und Silikone, sowie verschiedene F\u00fcllstoffe aus Glasgewebe und -fasern zur Verst\u00e4rkung.<\/p>\n<h2>Haupteigenschaften:<\/h2>\n<ul>\n<li>Sehr gutes Hitze- und Thermisches- Isolierverhalten<\/li>\n<li>Geringe W\u00e4rmeleitf\u00e4higkeit und geringe Feuchtigkeitsaufnahme<\/li>\n<li>Hohe elektrische Durchschlagfestigkeit<\/li>\n<li>Gute chemische Best\u00e4ndigkeit gegen \u00d6le und Fette<\/li>\n<\/ul>\n<h2>Hauptanwendungen:<\/h2>\n<ul>\n<li>In Hochspannungsanlagen<\/li>\n<li>Im Bereich starrer Isolierung und Dichtung<\/li>\n<li>F\u00fcr elektronische Anlagen<\/li>\n<li>Im Sondermaschinenbau<\/li>\n<\/ul>\n<h2>Lieferformen:<\/h2>\n<ul>\n<li>In Rohrl\u00e4ngen bis 1000 mm<\/li>\n<li>In Rohr- Innendurchmesser von 7,0 mm bis 100 mm<\/li>\n<li>Au\u00dfendurchmesser nach Angabe oder Zeichnung<\/li>\n<\/ul>\n<p>Sonderprodukte auf Anfrage z.B.: Rohrzuschnitte in verschiedenen L\u00e4ngen und Gr\u00f6\u00dfen und Pr\u00e4zisionsfertigteile nach Zeichnung.<\/p>\n","protected":false},"excerpt":{"rendered":"<p>Grenztemperatur bis 600\u00b0C Glimmerrohre werden aus Silikonharz und impr\u00e4gnierten Glimmer unter hohen Druck und hoher Temperatur hergestellt. Diese Werkstoffgruppe ist auch bei h\u00f6heren Temperaturen mechanisch sehr gut belastbar und lichtbogenfest. Glimmerwerkstoffe sind anorganisch gebundene Verbundwerkstoffe. Sie beinhalten je nach Ausf\u00fchrung Matrixwerkstoffe aus Silikat, Glas und Silikone, sowie verschiedene F\u00fcllstoffe aus Glasgewebe und -fasern zur Verst\u00e4rkung.&hellip;<\/p>\n","protected":false},"featured_media":1316,"template":"","meta":{"_acf_changed":false},"product_brand":[],"product_cat":[31],"product_tag":[],"class_list":{"0":"post-1153","1":"product","2":"type-product","3":"status-publish","4":"has-post-thumbnail","6":"product_cat-hochtemperaturwerkstoffe","8":"first","9":"instock","10":"shipping-taxable","11":"product-type-simple"},"acf":[],"_links":{"self":[{"href":"https:\/\/www.tepro.co.at\/en\/wp-json\/wp\/v2\/product\/1153","targetHints":{"allow":["GET"]}}],"collection":[{"href":"https:\/\/www.tepro.co.at\/en\/wp-json\/wp\/v2\/product"}],"about":[{"href":"https:\/\/www.tepro.co.at\/en\/wp-json\/wp\/v2\/types\/product"}],"wp:featuredmedia":[{"embeddable":true,"href":"https:\/\/www.tepro.co.at\/en\/wp-json\/wp\/v2\/media\/1316"}],"wp:attachment":[{"href":"https:\/\/www.tepro.co.at\/en\/wp-json\/wp\/v2\/media?parent=1153"}],"wp:term":[{"taxonomy":"product_brand","embeddable":true,"href":"https:\/\/www.tepro.co.at\/en\/wp-json\/wp\/v2\/product_brand?post=1153"},{"taxonomy":"product_cat","embeddable":true,"href":"https:\/\/www.tepro.co.at\/en\/wp-json\/wp\/v2\/product_cat?post=1153"},{"taxonomy":"product_tag","embeddable":true,"href":"https:\/\/www.tepro.co.at\/en\/wp-json\/wp\/v2\/product_tag?post=1153"}],"curies":[{"name":"wp","href":"https:\/\/api.w.org\/{rel}","templated":true}]}}