{"id":1154,"date":"2020-07-28T10:00:47","date_gmt":"2020-07-28T10:00:47","guid":{"rendered":"https:\/\/www.tepro.co.at\/?post_type=product&#038;p=1154"},"modified":"2021-02-10T12:37:28","modified_gmt":"2021-02-10T12:37:28","slug":"glimmerplatten-hd-600m","status":"publish","type":"product","link":"https:\/\/www.tepro.co.at\/en\/produkt\/starre-isolierstoffe-en\/hochtemperaturwerkstoffe-en\/glimmerplatten-hd-600m\/","title":{"rendered":"Glimmerplatten HD 600M"},"content":{"rendered":"<ul>\n<li>Grenztemperatur bis 600\u00b0C<\/li>\n<\/ul>\n<p>Glimmerwerkstoffe weisen eine hohe Druck- und Strukturfestigkeit bei gleichzeitig hervorragenden w\u00e4rmetechnischen Eigenschaften auf. Die Typen dieser Werkstoffgruppe sind auch bei hohen Temperaturen mechanisch sehr gut belastbar und lichtbogenfest. Glimmerwerkstoffe sind anorganisch gebundene Verbundwerkstoffe. Sie beinhalten je nach Ausf\u00fchrung Matrixwerkstoffe aus Tonerde-Silikaten sowie verschiedene F\u00fcllstoffe zur Verst\u00e4rkung.<\/p>\n<h2>Haupteigenschaften:<\/h2>\n<ul>\n<li>Sehr gute Hitze- und Feuerbest\u00e4ndigkeit bis 600\u00b0C<\/li>\n<li>Geringe W\u00e4rmeleitf\u00e4higkeit<\/li>\n<li>Hohe elektrische Durchschlagfestigkeit<\/li>\n<li>Gute chemische Best\u00e4ndigkeit gegen \u00d6le und Fette<\/li>\n<li>Hohe Druckfestigkeit<\/li>\n<\/ul>\n<h2>Hauptanwendungen:<\/h2>\n<ul>\n<li>Isolierteile f\u00fcr Induktionsanlagen<\/li>\n<li>F\u00fcr den Industrieofenbau<\/li>\n<li>In der Glas- und Aluminiumindustrie<\/li>\n<li>F\u00fcr elektronische Anlagen<\/li>\n<li>Im Sondermaschinenbau als W\u00e4rmebarriere<\/li>\n<li>Als W\u00e4rmed\u00e4mmplatten f\u00fcr beheizte Pressen<\/li>\n<\/ul>\n<h2>Lieferformen:<\/h2>\n<ul>\n<li>Platten in Gro\u00df- und Kleinformat<\/li>\n<li>In St\u00e4rken von 2 mm bis 70 mm<\/li>\n<\/ul>\n<p>Sonderprodukte auf Anfrage z.B.: Plattenzuschnitte und Stanzteile in verschiedenen L\u00e4ngen und Gr\u00f6\u00dfen oder Formteile, bearbeitet nach Zeichnung.<\/p>\n","protected":false},"excerpt":{"rendered":"<p>Grenztemperatur bis 600\u00b0C Glimmerwerkstoffe weisen eine hohe Druck- und Strukturfestigkeit bei gleichzeitig hervorragenden w\u00e4rmetechnischen Eigenschaften auf. Die Typen dieser Werkstoffgruppe sind auch bei hohen Temperaturen mechanisch sehr gut belastbar und lichtbogenfest. Glimmerwerkstoffe sind anorganisch gebundene Verbundwerkstoffe. Sie beinhalten je nach Ausf\u00fchrung Matrixwerkstoffe aus Tonerde-Silikaten sowie verschiedene F\u00fcllstoffe zur Verst\u00e4rkung. Haupteigenschaften: Sehr gute Hitze- und Feuerbest\u00e4ndigkeit&hellip;<\/p>\n","protected":false},"featured_media":1314,"template":"","meta":{"_acf_changed":false},"product_brand":[],"product_cat":[31],"product_tag":[],"class_list":{"0":"post-1154","1":"product","2":"type-product","3":"status-publish","4":"has-post-thumbnail","6":"product_cat-hochtemperaturwerkstoffe","8":"first","9":"instock","10":"shipping-taxable","11":"product-type-simple"},"acf":[],"_links":{"self":[{"href":"https:\/\/www.tepro.co.at\/en\/wp-json\/wp\/v2\/product\/1154","targetHints":{"allow":["GET"]}}],"collection":[{"href":"https:\/\/www.tepro.co.at\/en\/wp-json\/wp\/v2\/product"}],"about":[{"href":"https:\/\/www.tepro.co.at\/en\/wp-json\/wp\/v2\/types\/product"}],"wp:featuredmedia":[{"embeddable":true,"href":"https:\/\/www.tepro.co.at\/en\/wp-json\/wp\/v2\/media\/1314"}],"wp:attachment":[{"href":"https:\/\/www.tepro.co.at\/en\/wp-json\/wp\/v2\/media?parent=1154"}],"wp:term":[{"taxonomy":"product_brand","embeddable":true,"href":"https:\/\/www.tepro.co.at\/en\/wp-json\/wp\/v2\/product_brand?post=1154"},{"taxonomy":"product_cat","embeddable":true,"href":"https:\/\/www.tepro.co.at\/en\/wp-json\/wp\/v2\/product_cat?post=1154"},{"taxonomy":"product_tag","embeddable":true,"href":"https:\/\/www.tepro.co.at\/en\/wp-json\/wp\/v2\/product_tag?post=1154"}],"curies":[{"name":"wp","href":"https:\/\/api.w.org\/{rel}","templated":true}]}}