{"id":1158,"date":"2020-07-28T10:25:49","date_gmt":"2020-07-28T10:25:49","guid":{"rendered":"https:\/\/www.tepro.co.at\/?post_type=product&#038;p=1158"},"modified":"2021-02-10T08:46:12","modified_gmt":"2021-02-10T08:46:12","slug":"kabelspinnpapier-rollen-3055","status":"publish","type":"product","link":"https:\/\/www.tepro.co.at\/en\/produkt\/flexible-isolierstoffe-en\/pressspan-en\/kabelspinnpapier-rollen-3055\/","title":{"rendered":"Kabelspinnpapier-Rollen 3055"},"content":{"rendered":"<ul>\n<li>W\u00e4rmeklasse A (105\u00b0C)<\/li>\n<\/ul>\n<p>Pressspan ist der seit Jahrzehnten bew\u00e4hrte Isolierstoff f\u00fcr Isolierstoffklasse A aus Zellulosefasern, welcher ohne Einsatz von Bindemitteln in einem Papierherstellungsprozess gewonnen wird.<\/p>\n<h2>Haupteigenschaften:<\/h2>\n<ul>\n<li>Gute Impr\u00e4gnierf\u00e4higkeit<\/li>\n<li>Hohe Zug- und Druckfestigkeit<\/li>\n<li>Kein Schmelzpunkt<\/li>\n<li>Gute Formbarkeit<\/li>\n<li>Vertr\u00e4glichkeit mit Tr\u00e4nk- und Tr\u00e4ufelharzen<\/li>\n<\/ul>\n<h2>Lieferformen:<\/h2>\n<ul>\n<li>In Rollen von 0,05 mm bis 0,20 mm St\u00e4rke<\/li>\n<li>In Breiten bis 1300 mm<\/li>\n<li>Auf Wunsch in Schmalbandrollen geschnitten<\/li>\n<\/ul>\n","protected":false},"excerpt":{"rendered":"<p>W\u00e4rmeklasse A (105\u00b0C) Pressspan ist der seit Jahrzehnten bew\u00e4hrte Isolierstoff f\u00fcr Isolierstoffklasse A aus Zellulosefasern, welcher ohne Einsatz von Bindemitteln in einem Papierherstellungsprozess gewonnen wird. Haupteigenschaften: Gute Impr\u00e4gnierf\u00e4higkeit Hohe Zug- und Druckfestigkeit Kein Schmelzpunkt Gute Formbarkeit Vertr\u00e4glichkeit mit Tr\u00e4nk- und Tr\u00e4ufelharzen Lieferformen: In Rollen von 0,05 mm bis 0,20 mm St\u00e4rke In Breiten bis 1300&hellip;<\/p>\n","protected":false},"featured_media":1274,"template":"","meta":{"_acf_changed":false},"product_brand":[],"product_cat":[33],"product_tag":[],"class_list":{"0":"post-1158","1":"product","2":"type-product","3":"status-publish","4":"has-post-thumbnail","6":"product_cat-pressspan","8":"first","9":"instock","10":"shipping-taxable","11":"product-type-simple"},"acf":[],"_links":{"self":[{"href":"https:\/\/www.tepro.co.at\/en\/wp-json\/wp\/v2\/product\/1158","targetHints":{"allow":["GET"]}}],"collection":[{"href":"https:\/\/www.tepro.co.at\/en\/wp-json\/wp\/v2\/product"}],"about":[{"href":"https:\/\/www.tepro.co.at\/en\/wp-json\/wp\/v2\/types\/product"}],"wp:featuredmedia":[{"embeddable":true,"href":"https:\/\/www.tepro.co.at\/en\/wp-json\/wp\/v2\/media\/1274"}],"wp:attachment":[{"href":"https:\/\/www.tepro.co.at\/en\/wp-json\/wp\/v2\/media?parent=1158"}],"wp:term":[{"taxonomy":"product_brand","embeddable":true,"href":"https:\/\/www.tepro.co.at\/en\/wp-json\/wp\/v2\/product_brand?post=1158"},{"taxonomy":"product_cat","embeddable":true,"href":"https:\/\/www.tepro.co.at\/en\/wp-json\/wp\/v2\/product_cat?post=1158"},{"taxonomy":"product_tag","embeddable":true,"href":"https:\/\/www.tepro.co.at\/en\/wp-json\/wp\/v2\/product_tag?post=1158"}],"curies":[{"name":"wp","href":"https:\/\/api.w.org\/{rel}","templated":true}]}}