{"id":1161,"date":"2020-07-28T10:33:53","date_gmt":"2020-07-28T10:33:53","guid":{"rendered":"https:\/\/www.tepro.co.at\/?post_type=product&#038;p=1161"},"modified":"2021-02-10T08:29:34","modified_gmt":"2021-02-10T08:29:34","slug":"polyimid-folie","status":"publish","type":"product","link":"https:\/\/www.tepro.co.at\/en\/produkt\/flexible-isolierstoffe-en\/folien-en\/polyimid-folie\/","title":{"rendered":"Polyimid-Folie"},"content":{"rendered":"<ul>\n<li>W\u00e4rmeklasse H (180\u00b0C) und h\u00f6her bis 220\u00b0C<\/li>\n<\/ul>\n<p>Polyimidfolie ist eine extrudierte Hochtemperaturfolie, die aufgrund ihrer sehr guten Temperaturbest\u00e4ndigkeit und Spannungsfestigkeit eingesetzt wird. Polyimid wird eingesetzt wo extreme Anforderungen an einen Folienwerkstoff gestellt werden.<\/p>\n<h2>Haupteigenschaften:<\/h2>\n<ul>\n<li>Kosteng\u00fcnstige Klasse-H-Folie mit \u00dcberlastpotential<\/li>\n<li>Hohe thermische Best\u00e4ndigkeit (kurzzeitig 220\u00b0C)<\/li>\n<li>Sehr gute elektrische und chemische Best\u00e4ndigkeit<\/li>\n<li>Hohe Durchschlagfestigkeit (V eff. 7000)<\/li>\n<li>Selbstverl\u00f6schend und schwer entflammbar (UL 94 V-0)<\/li>\n<li>F\u00fcr elektrische Anwendungen f\u00fcr hohe Belastungen<\/li>\n<\/ul>\n<h2>Lieferformen:<\/h2>\n<ul>\n<li>In Rollen, 600 mm breit, St\u00e4rke 7<\/li>\n<li>Auf Wunsch in Schmalbandrollen geschnitten (auch selbstklebend)<\/li>\n<li>Auch Form- und Stanzteile sind aus Polyimid-Folien lieferbar<\/li>\n<\/ul>\n","protected":false},"excerpt":{"rendered":"<p>W\u00e4rmeklasse H (180\u00b0C) und h\u00f6her bis 220\u00b0C Polyimidfolie ist eine extrudierte Hochtemperaturfolie, die aufgrund ihrer sehr guten Temperaturbest\u00e4ndigkeit und Spannungsfestigkeit eingesetzt wird. Polyimid wird eingesetzt wo extreme Anforderungen an einen Folienwerkstoff gestellt werden. Haupteigenschaften: Kosteng\u00fcnstige Klasse-H-Folie mit \u00dcberlastpotential Hohe thermische Best\u00e4ndigkeit (kurzzeitig 220\u00b0C) Sehr gute elektrische und chemische Best\u00e4ndigkeit Hohe Durchschlagfestigkeit (V eff. 7000) Selbstverl\u00f6schend&hellip;<\/p>\n","protected":false},"featured_media":1258,"template":"","meta":{"_acf_changed":false},"product_brand":[],"product_cat":[34],"product_tag":[],"class_list":{"0":"post-1161","1":"product","2":"type-product","3":"status-publish","4":"has-post-thumbnail","6":"product_cat-folien","8":"first","9":"instock","10":"shipping-taxable","11":"product-type-simple"},"acf":[],"_links":{"self":[{"href":"https:\/\/www.tepro.co.at\/en\/wp-json\/wp\/v2\/product\/1161","targetHints":{"allow":["GET"]}}],"collection":[{"href":"https:\/\/www.tepro.co.at\/en\/wp-json\/wp\/v2\/product"}],"about":[{"href":"https:\/\/www.tepro.co.at\/en\/wp-json\/wp\/v2\/types\/product"}],"wp:featuredmedia":[{"embeddable":true,"href":"https:\/\/www.tepro.co.at\/en\/wp-json\/wp\/v2\/media\/1258"}],"wp:attachment":[{"href":"https:\/\/www.tepro.co.at\/en\/wp-json\/wp\/v2\/media?parent=1161"}],"wp:term":[{"taxonomy":"product_brand","embeddable":true,"href":"https:\/\/www.tepro.co.at\/en\/wp-json\/wp\/v2\/product_brand?post=1161"},{"taxonomy":"product_cat","embeddable":true,"href":"https:\/\/www.tepro.co.at\/en\/wp-json\/wp\/v2\/product_cat?post=1161"},{"taxonomy":"product_tag","embeddable":true,"href":"https:\/\/www.tepro.co.at\/en\/wp-json\/wp\/v2\/product_tag?post=1161"}],"curies":[{"name":"wp","href":"https:\/\/api.w.org\/{rel}","templated":true}]}}