{"id":1163,"date":"2020-07-28T10:38:31","date_gmt":"2020-07-28T10:38:31","guid":{"rendered":"https:\/\/www.tepro.co.at\/?post_type=product&#038;p=1163"},"modified":"2021-02-10T08:36:55","modified_gmt":"2021-02-10T08:36:55","slug":"silikon-polyesterfolie-sik-pet-folie","status":"publish","type":"product","link":"https:\/\/www.tepro.co.at\/en\/produkt\/flexible-isolierstoffe-en\/folien-en\/silikon-polyesterfolie-sik-pet-folie\/","title":{"rendered":"Silikon-Polyesterfolie \/ SIK-PET-Folie"},"content":{"rendered":"<ul>\n<li>W\u00e4rmeklasse B (130\u00b0C )<\/li>\n<\/ul>\n<p>SIK-Polyesterfolien sind extrudierte PET-Folien die beidseitig silikonisiert werden und lt. kundenspezifische Anforderungen in B\u00e4nder geschnitten und auf Rollen aufgewickelt werden.<\/p>\n<h2>Haupteigenschaften:<\/h2>\n<ul>\n<li>Hohe Spannungsfestigkeit<\/li>\n<li>Sehr gute mechanische Eigenschaften<\/li>\n<li>Formbar<\/li>\n<li>Gute W\u00e4rme- und K\u00e4ltebest\u00e4ndigkeit<\/li>\n<li>Gute elektrische Durchschlagfestigkeit<\/li>\n<li>Kosteng\u00fcnstiger Isolierstoff in W\u00e4rmeklasse B<\/li>\n<\/ul>\n<h2>Lieferformen:<\/h2>\n<ul>\n<li>In Originalrollen, 1000 mm breit<\/li>\n<li>Auf Wunsch in Schmalbandrollen geschnitten<\/li>\n<li>Sondertypen auf Anfrage<\/li>\n<li>Stanz- und Formteile<\/li>\n<\/ul>\n","protected":false},"excerpt":{"rendered":"<p>W\u00e4rmeklasse B (130\u00b0C ) SIK-Polyesterfolien sind extrudierte PET-Folien die beidseitig silikonisiert werden und lt. kundenspezifische Anforderungen in B\u00e4nder geschnitten und auf Rollen aufgewickelt werden. Haupteigenschaften: Hohe Spannungsfestigkeit Sehr gute mechanische Eigenschaften Formbar Gute W\u00e4rme- und K\u00e4ltebest\u00e4ndigkeit Gute elektrische Durchschlagfestigkeit Kosteng\u00fcnstiger Isolierstoff in W\u00e4rmeklasse B Lieferformen: In Originalrollen, 1000 mm breit Auf Wunsch in Schmalbandrollen geschnitten&hellip;<\/p>\n","protected":false},"featured_media":1264,"template":"","meta":{"_acf_changed":false},"product_brand":[],"product_cat":[34],"product_tag":[],"class_list":{"0":"post-1163","1":"product","2":"type-product","3":"status-publish","4":"has-post-thumbnail","6":"product_cat-folien","8":"first","9":"instock","10":"shipping-taxable","11":"product-type-simple"},"acf":[],"_links":{"self":[{"href":"https:\/\/www.tepro.co.at\/en\/wp-json\/wp\/v2\/product\/1163","targetHints":{"allow":["GET"]}}],"collection":[{"href":"https:\/\/www.tepro.co.at\/en\/wp-json\/wp\/v2\/product"}],"about":[{"href":"https:\/\/www.tepro.co.at\/en\/wp-json\/wp\/v2\/types\/product"}],"wp:featuredmedia":[{"embeddable":true,"href":"https:\/\/www.tepro.co.at\/en\/wp-json\/wp\/v2\/media\/1264"}],"wp:attachment":[{"href":"https:\/\/www.tepro.co.at\/en\/wp-json\/wp\/v2\/media?parent=1163"}],"wp:term":[{"taxonomy":"product_brand","embeddable":true,"href":"https:\/\/www.tepro.co.at\/en\/wp-json\/wp\/v2\/product_brand?post=1163"},{"taxonomy":"product_cat","embeddable":true,"href":"https:\/\/www.tepro.co.at\/en\/wp-json\/wp\/v2\/product_cat?post=1163"},{"taxonomy":"product_tag","embeddable":true,"href":"https:\/\/www.tepro.co.at\/en\/wp-json\/wp\/v2\/product_tag?post=1163"}],"curies":[{"name":"wp","href":"https:\/\/api.w.org\/{rel}","templated":true}]}}