{"id":1164,"date":"2020-07-28T10:41:52","date_gmt":"2020-07-28T10:41:52","guid":{"rendered":"https:\/\/www.tepro.co.at\/?post_type=product&#038;p=1164"},"modified":"2021-02-10T08:35:45","modified_gmt":"2021-02-10T08:35:45","slug":"polypropylen-folie","status":"publish","type":"product","link":"https:\/\/www.tepro.co.at\/en\/produkt\/flexible-isolierstoffe-en\/folien-en\/polypropylen-folie\/","title":{"rendered":"Polypropylen-Folie"},"content":{"rendered":"<ul>\n<li>W\u00e4rmeklasse F (bis 160\u00b0C &#8211; 170\u00b0C)<\/li>\n<\/ul>\n<p>Die Trennfolie ist monoaxial gestreckt und besitzt dadurch eine hohe Rei\u00df-, Sto\u00df- und Durchschlagfestigkeit. Sie ist ausgezeichnet k\u00e4ltefest (K\u00e4ltebruchtemperatur &lt; -60\u00b0C) und dimensionsstabil bei wechselnder Luftfeuchtigkeit.<\/p>\n<p>Anwendung: Durch die modifizierte Polypropylenfolie kann die Trennfolie f\u00fcr alle gebr\u00e4uchlichen im Elektromaschinenbau verwendeten Elektroisolierharztypen eingesetzt werden.<\/p>\n<h2>Haupteigenschaften:<\/h2>\n<ul>\n<li>Antistatisch und Tropenfest<\/li>\n<li>Geringe Wasserdampfdurchl\u00e4ssigkeit<\/li>\n<li>Hervorragende Oberfl\u00e4chen-Antiadh\u00e4sivit\u00e4t<\/li>\n<li>Geeignet f\u00fcr alle Harzsysteme<\/li>\n<\/ul>\n<h2>Lieferformen:<\/h2>\n<ul>\n<li>In Originalrollen, 1200 mm breit<\/li>\n<li>In St\u00e4rken von 25 \u00b5m und 50 \u00b5m<\/li>\n<li>Auf Wunsch in Schmalbandrollen geschnitten<\/li>\n<li>In individuellen Breiten auf Pappkernen<\/li>\n<li>Stanz- und Formteile<\/li>\n<\/ul>\n","protected":false},"excerpt":{"rendered":"<p>W\u00e4rmeklasse F (bis 160\u00b0C &#8211; 170\u00b0C) Die Trennfolie ist monoaxial gestreckt und besitzt dadurch eine hohe Rei\u00df-, Sto\u00df- und Durchschlagfestigkeit. Sie ist ausgezeichnet k\u00e4ltefest (K\u00e4ltebruchtemperatur &lt; -60\u00b0C) und dimensionsstabil bei wechselnder Luftfeuchtigkeit. Anwendung: Durch die modifizierte Polypropylenfolie kann die Trennfolie f\u00fcr alle gebr\u00e4uchlichen im Elektromaschinenbau verwendeten Elektroisolierharztypen eingesetzt werden. Haupteigenschaften: Antistatisch und Tropenfest Geringe Wasserdampfdurchl\u00e4ssigkeit&hellip;<\/p>\n","protected":false},"featured_media":1262,"template":"","meta":{"_acf_changed":false},"product_brand":[],"product_cat":[34],"product_tag":[],"class_list":{"0":"post-1164","1":"product","2":"type-product","3":"status-publish","4":"has-post-thumbnail","6":"product_cat-folien","8":"first","9":"instock","10":"shipping-taxable","11":"product-type-simple"},"acf":[],"_links":{"self":[{"href":"https:\/\/www.tepro.co.at\/en\/wp-json\/wp\/v2\/product\/1164","targetHints":{"allow":["GET"]}}],"collection":[{"href":"https:\/\/www.tepro.co.at\/en\/wp-json\/wp\/v2\/product"}],"about":[{"href":"https:\/\/www.tepro.co.at\/en\/wp-json\/wp\/v2\/types\/product"}],"wp:featuredmedia":[{"embeddable":true,"href":"https:\/\/www.tepro.co.at\/en\/wp-json\/wp\/v2\/media\/1262"}],"wp:attachment":[{"href":"https:\/\/www.tepro.co.at\/en\/wp-json\/wp\/v2\/media?parent=1164"}],"wp:term":[{"taxonomy":"product_brand","embeddable":true,"href":"https:\/\/www.tepro.co.at\/en\/wp-json\/wp\/v2\/product_brand?post=1164"},{"taxonomy":"product_cat","embeddable":true,"href":"https:\/\/www.tepro.co.at\/en\/wp-json\/wp\/v2\/product_cat?post=1164"},{"taxonomy":"product_tag","embeddable":true,"href":"https:\/\/www.tepro.co.at\/en\/wp-json\/wp\/v2\/product_tag?post=1164"}],"curies":[{"name":"wp","href":"https:\/\/api.w.org\/{rel}","templated":true}]}}