{"id":1165,"date":"2020-07-28T10:44:54","date_gmt":"2020-07-28T10:44:54","guid":{"rendered":"https:\/\/www.tepro.co.at\/?post_type=product&#038;p=1165"},"modified":"2021-02-10T08:39:18","modified_gmt":"2021-02-10T08:39:18","slug":"dmd-folienlaminat-voltaflex-f-6642","status":"publish","type":"product","link":"https:\/\/www.tepro.co.at\/en\/produkt\/flexible-isolierstoffe-en\/laminate-en\/dmd-folienlaminat-voltaflex-f-6642\/","title":{"rendered":"DMD Folienlaminat \/ Voltaflex\u00ae F 6642"},"content":{"rendered":"<ul>\n<li>W\u00e4rmeklasse F (155\u00b0C)<\/li>\n<\/ul>\n<p>DMD ist ein Kombinationsmaterial aus Polyestervlies und Polyesterfolie mit beidseitig ausgeh\u00e4rteter Harzimpr\u00e4gnierung. Die Materialst\u00e4rke wird durch Variation der St\u00e4rke der Polyesterfolieneinlage bestimmt, in St\u00e4rken von 0,10 mm bis 0,45 mm.<\/p>\n<h2>Haupteigenschaften:<\/h2>\n<ul>\n<li>Hohe Durchschlagfestigkeit<\/li>\n<li>Hohe mechanische Stabilit\u00e4t bei Formteilen (z.B.: Deckschieber)<\/li>\n<li>DMD-Laminat in W\u00e4rmeklasse F mit \u00dcberlastpotential<\/li>\n<li>Durch die Impr\u00e4gnierung mit Klasse-H-Harzen wird eine thermische Aufwertung der Polyesterfolie erreicht<\/li>\n<li>Gutes Adh\u00e4sionsverhalten durch Vlies f\u00fcr Impr\u00e4gnierharz<\/li>\n<\/ul>\n<h2>Lieferformen:<\/h2>\n<ul>\n<li>In Originalrollen, 980 mm breit in St\u00e4rken von 0,16 bis 0,31 mm<\/li>\n<li>Auf Wunsch in Schmalbandrollen geschnitten<\/li>\n<li>Auch Form- und Stanzteile sind aus DMD-Folienlaminat lieferbar, Nutenisolationen, Phasentrenner und Deckschieber auf Anfrage<\/li>\n<\/ul>\n","protected":false},"excerpt":{"rendered":"<p>W\u00e4rmeklasse F (155\u00b0C) DMD ist ein Kombinationsmaterial aus Polyestervlies und Polyesterfolie mit beidseitig ausgeh\u00e4rteter Harzimpr\u00e4gnierung. Die Materialst\u00e4rke wird durch Variation der St\u00e4rke der Polyesterfolieneinlage bestimmt, in St\u00e4rken von 0,10 mm bis 0,45 mm. Haupteigenschaften: Hohe Durchschlagfestigkeit Hohe mechanische Stabilit\u00e4t bei Formteilen (z.B.: Deckschieber) DMD-Laminat in W\u00e4rmeklasse F mit \u00dcberlastpotential Durch die Impr\u00e4gnierung mit Klasse-H-Harzen wird&hellip;<\/p>\n","protected":false},"featured_media":1266,"template":"","meta":{"_acf_changed":false},"product_brand":[],"product_cat":[35],"product_tag":[],"class_list":{"0":"post-1165","1":"product","2":"type-product","3":"status-publish","4":"has-post-thumbnail","6":"product_cat-laminate","8":"first","9":"instock","10":"shipping-taxable","11":"product-type-simple"},"acf":[],"_links":{"self":[{"href":"https:\/\/www.tepro.co.at\/en\/wp-json\/wp\/v2\/product\/1165","targetHints":{"allow":["GET"]}}],"collection":[{"href":"https:\/\/www.tepro.co.at\/en\/wp-json\/wp\/v2\/product"}],"about":[{"href":"https:\/\/www.tepro.co.at\/en\/wp-json\/wp\/v2\/types\/product"}],"wp:featuredmedia":[{"embeddable":true,"href":"https:\/\/www.tepro.co.at\/en\/wp-json\/wp\/v2\/media\/1266"}],"wp:attachment":[{"href":"https:\/\/www.tepro.co.at\/en\/wp-json\/wp\/v2\/media?parent=1165"}],"wp:term":[{"taxonomy":"product_brand","embeddable":true,"href":"https:\/\/www.tepro.co.at\/en\/wp-json\/wp\/v2\/product_brand?post=1165"},{"taxonomy":"product_cat","embeddable":true,"href":"https:\/\/www.tepro.co.at\/en\/wp-json\/wp\/v2\/product_cat?post=1165"},{"taxonomy":"product_tag","embeddable":true,"href":"https:\/\/www.tepro.co.at\/en\/wp-json\/wp\/v2\/product_tag?post=1165"}],"curies":[{"name":"wp","href":"https:\/\/api.w.org\/{rel}","templated":true}]}}