{"id":1167,"date":"2020-07-28T11:01:02","date_gmt":"2020-07-28T11:01:02","guid":{"rendered":"https:\/\/www.tepro.co.at\/?post_type=product&#038;p=1167"},"modified":"2021-02-10T08:40:32","modified_gmt":"2021-02-10T08:40:32","slug":"nkn-folienlaminat","status":"publish","type":"product","link":"https:\/\/www.tepro.co.at\/en\/produkt\/flexible-isolierstoffe-en\/laminate-en\/nkn-folienlaminat\/","title":{"rendered":"NKN-Folienlaminat"},"content":{"rendered":"<ul>\n<li>W\u00e4rmeklasse H (180\u00b0C)<\/li>\n<\/ul>\n<p>NKN ist ein Kombinationsmaterial aus Nomex\u00ae-Papier (25\u00b5 oder 50\u00b5) und Kapton\u00ae-Folie (Nomex\u00ae, Kapton\u00ae, Nomex\u00ae). Die verschiedenen Materialst\u00e4rken werden durch Variation der St\u00e4rke der Nomex\u00ae Auflagen bestimmt.<\/p>\n<h2>Haupteigenschaften:<\/h2>\n<ul>\n<li>Hohe dielektrische Festigkeit<\/li>\n<li>Hohe thermische Best\u00e4ndigkeit<\/li>\n<li>Sehr gute chemische Best\u00e4ndigkeit gegen L\u00f6sungsmittel<\/li>\n<li>Hoher spezifischer Durchgangswiderstand<\/li>\n<li>NKN-Laminat in W\u00e4rmeklasse H mit \u00dcberlastpotential<\/li>\n<\/ul>\n<h2>Lieferformen:<\/h2>\n<ul>\n<li>In Originalrollen, 900 mm breit; In Standardst\u00e4rken von 0,2 mm, 0,3 mm und 0,4 mm<\/li>\n<li>Auf Wunsch in Schmalbandrollen geschnitten (auch selbstklebend)<\/li>\n<li>Auch Form- und Stanzteile sind aus NKN-Folienlaminat lieferbar<\/li>\n<\/ul>\n","protected":false},"excerpt":{"rendered":"<p>W\u00e4rmeklasse H (180\u00b0C) NKN ist ein Kombinationsmaterial aus Nomex\u00ae-Papier (25\u00b5 oder 50\u00b5) und Kapton\u00ae-Folie (Nomex\u00ae, Kapton\u00ae, Nomex\u00ae). Die verschiedenen Materialst\u00e4rken werden durch Variation der St\u00e4rke der Nomex\u00ae Auflagen bestimmt. Haupteigenschaften: Hohe dielektrische Festigkeit Hohe thermische Best\u00e4ndigkeit Sehr gute chemische Best\u00e4ndigkeit gegen L\u00f6sungsmittel Hoher spezifischer Durchgangswiderstand NKN-Laminat in W\u00e4rmeklasse H mit \u00dcberlastpotential Lieferformen: In Originalrollen, 900&hellip;<\/p>\n","protected":false},"featured_media":1268,"template":"","meta":{"_acf_changed":false},"product_brand":[],"product_cat":[35],"product_tag":[],"class_list":{"0":"post-1167","1":"product","2":"type-product","3":"status-publish","4":"has-post-thumbnail","6":"product_cat-laminate","8":"first","9":"instock","10":"shipping-taxable","11":"product-type-simple"},"acf":[],"_links":{"self":[{"href":"https:\/\/www.tepro.co.at\/en\/wp-json\/wp\/v2\/product\/1167","targetHints":{"allow":["GET"]}}],"collection":[{"href":"https:\/\/www.tepro.co.at\/en\/wp-json\/wp\/v2\/product"}],"about":[{"href":"https:\/\/www.tepro.co.at\/en\/wp-json\/wp\/v2\/types\/product"}],"wp:featuredmedia":[{"embeddable":true,"href":"https:\/\/www.tepro.co.at\/en\/wp-json\/wp\/v2\/media\/1268"}],"wp:attachment":[{"href":"https:\/\/www.tepro.co.at\/en\/wp-json\/wp\/v2\/media?parent=1167"}],"wp:term":[{"taxonomy":"product_brand","embeddable":true,"href":"https:\/\/www.tepro.co.at\/en\/wp-json\/wp\/v2\/product_brand?post=1167"},{"taxonomy":"product_cat","embeddable":true,"href":"https:\/\/www.tepro.co.at\/en\/wp-json\/wp\/v2\/product_cat?post=1167"},{"taxonomy":"product_tag","embeddable":true,"href":"https:\/\/www.tepro.co.at\/en\/wp-json\/wp\/v2\/product_tag?post=1167"}],"curies":[{"name":"wp","href":"https:\/\/api.w.org\/{rel}","templated":true}]}}