{"id":1168,"date":"2020-07-28T11:06:27","date_gmt":"2020-07-28T11:06:27","guid":{"rendered":"https:\/\/www.tepro.co.at\/?post_type=product&#038;p=1168"},"modified":"2021-02-10T08:44:49","modified_gmt":"2021-02-10T08:44:49","slug":"nomex","status":"publish","type":"product","link":"https:\/\/www.tepro.co.at\/en\/produkt\/flexible-isolierstoffe-en\/nomex-en\/nomex\/","title":{"rendered":"NOMEX\u00ae"},"content":{"rendered":"<ul>\n<li>W\u00e4rmeklasse C (220\u00b0C)<\/li>\n<\/ul>\n<p>NOMEX\u00ae ist ein synthetisches aromatisches Polyamidpolymer (Aramid), welches sich durch stabile Molek\u00fclstruktur auszeichnet. Es werden dadurch hervorragende dielektrische, thermische und mechanische Eigenschaften erreicht.<\/p>\n<h2>Haupteigenschaften:<\/h2>\n<ul>\n<li>Thermische Best\u00e4ndigkeit f\u00fcr den Einsatz in elektrischen Maschinen bei Dauerbetriebstemperaturen von bis zu 220\u00b0C.<\/li>\n<li>Schwer entflammbar und selbstverl\u00f6schend<\/li>\n<li>Hohe mechanische Best\u00e4ndigkeit (Zugfestigkeit, Einrei\u00dffestigkeit etc.)<\/li>\n<li>Hohe chemische Best\u00e4ndigkeit (S\u00e4ure, Lacke, Kleber und Trafo\u00f6le etc.)<\/li>\n<li>Inh\u00e4rente Spannungsfestigkeit (kurzzeitige Belastungen von 18 bis 48 kV\/mm)<\/li>\n<li>Sehr gute Tieftemperatureigenschaften<\/li>\n<li>NOMEX\u00ae in W\u00e4rmeklasse C mit \u00dcberlastpotential (kurzzeitig bis 400\u00b0C)<\/li>\n<\/ul>\n<h2>Ausf\u00fchrungen und Standardst\u00e4rken:<\/h2>\n<ol>\n<li>Typ 410: Kalandrierter hoch verdichteter Standardtyp in St\u00e4rken von 0,05 bis 0,76 mm Anwendung f\u00fcr Nutauskleidungen und Lagenisolation im Trafo-Bau etc.<\/li>\n<li>Typ 411: Unkalandrierte, weiche, saugf\u00e4hige Variante in St\u00e4rken von 0,13 bis 0,58 mm. Anwendung f\u00fcr Phasenisolation, Nutisolation und<\/li>\n<li>Typ 414: Kalandrierter flexibler, leicht formbarer und gut saugf\u00e4higer Typ in St\u00e4rken von 0,09 bis 0,38mm<\/li>\n<li>Typ 418: Kalandrierter Sondertyp mit 50% Glimmerpl\u00e4ttchen, dadurch h\u00f6here Spannungs- und Teilentladungsfestigkeit. Anwendung f\u00fcr Nut- und Lagenisolation in Motoren im Mittelspannungsbereich. St\u00e4rken von 0,08 bis 0,36 mm<\/li>\n<\/ol>\n<h2>Lieferformen:<\/h2>\n<ul>\n<li>In Originalrollen, 914 mm breit<\/li>\n<li>Auf Wunsch in Schmalbandrollen geschnitten<\/li>\n<li>Auch Form- und Stanzteile sind aus NOMEX\u00ae lieferbar<\/li>\n<\/ul>\n","protected":false},"excerpt":{"rendered":"<p>W\u00e4rmeklasse C (220\u00b0C) NOMEX\u00ae ist ein synthetisches aromatisches Polyamidpolymer (Aramid), welches sich durch stabile Molek\u00fclstruktur auszeichnet. Es werden dadurch hervorragende dielektrische, thermische und mechanische Eigenschaften erreicht. Haupteigenschaften: Thermische Best\u00e4ndigkeit f\u00fcr den Einsatz in elektrischen Maschinen bei Dauerbetriebstemperaturen von bis zu 220\u00b0C. Schwer entflammbar und selbstverl\u00f6schend Hohe mechanische Best\u00e4ndigkeit (Zugfestigkeit, Einrei\u00dffestigkeit etc.) Hohe chemische Best\u00e4ndigkeit (S\u00e4ure,&hellip;<\/p>\n","protected":false},"featured_media":1272,"template":"","meta":{"_acf_changed":false},"product_brand":[],"product_cat":[32,36],"product_tag":[],"class_list":{"0":"post-1168","1":"product","2":"type-product","3":"status-publish","4":"has-post-thumbnail","6":"product_cat-flexible-isolierstoffe","7":"product_cat-nomex","9":"first","10":"instock","11":"shipping-taxable","12":"product-type-simple"},"acf":[],"_links":{"self":[{"href":"https:\/\/www.tepro.co.at\/en\/wp-json\/wp\/v2\/product\/1168","targetHints":{"allow":["GET"]}}],"collection":[{"href":"https:\/\/www.tepro.co.at\/en\/wp-json\/wp\/v2\/product"}],"about":[{"href":"https:\/\/www.tepro.co.at\/en\/wp-json\/wp\/v2\/types\/product"}],"wp:featuredmedia":[{"embeddable":true,"href":"https:\/\/www.tepro.co.at\/en\/wp-json\/wp\/v2\/media\/1272"}],"wp:attachment":[{"href":"https:\/\/www.tepro.co.at\/en\/wp-json\/wp\/v2\/media?parent=1168"}],"wp:term":[{"taxonomy":"product_brand","embeddable":true,"href":"https:\/\/www.tepro.co.at\/en\/wp-json\/wp\/v2\/product_brand?post=1168"},{"taxonomy":"product_cat","embeddable":true,"href":"https:\/\/www.tepro.co.at\/en\/wp-json\/wp\/v2\/product_cat?post=1168"},{"taxonomy":"product_tag","embeddable":true,"href":"https:\/\/www.tepro.co.at\/en\/wp-json\/wp\/v2\/product_tag?post=1168"}],"curies":[{"name":"wp","href":"https:\/\/api.w.org\/{rel}","templated":true}]}}