{"id":1170,"date":"2020-07-28T11:12:00","date_gmt":"2020-07-28T11:12:00","guid":{"rendered":"https:\/\/www.tepro.co.at\/?post_type=product&#038;p=1170"},"modified":"2020-07-28T11:12:01","modified_gmt":"2020-07-28T11:12:01","slug":"waermeleitfolie","status":"publish","type":"product","link":"https:\/\/www.tepro.co.at\/en\/produkt\/flexible-isolierstoffe-en\/waermeisolier-und-leitfolien-en\/waermeleitfolie\/","title":{"rendered":"W\u00e4rmeleitfolie"},"content":{"rendered":"<h2>Haupteigenschaften:<\/h2>\n<ul>\n<li>Gute elektrische Leitf\u00e4higkeit<\/li>\n<li>Gute chemische Best\u00e4ndigkeit<\/li>\n<\/ul>\n<h2>Lieferformen:<\/h2>\n<ul>\n<li>In Standardgr\u00f6\u00dfen und nach Leistungstransistorgr\u00f6\u00dfe und Geh\u00e4useformen etc.<\/li>\n<li>Stanzteile auf Rollen oder lose, auch mit Abdeckungsfolie<\/li>\n<\/ul>\n<p>Gestanzte Sonderteile nach Zeichnungen auf Anfrage.<\/p>\n","protected":false},"excerpt":{"rendered":"<p>Haupteigenschaften: Gute elektrische Leitf\u00e4higkeit Gute chemische Best\u00e4ndigkeit Lieferformen: In Standardgr\u00f6\u00dfen und nach Leistungstransistorgr\u00f6\u00dfe und Geh\u00e4useformen etc. Stanzteile auf Rollen oder lose, auch mit Abdeckungsfolie Gestanzte Sonderteile nach Zeichnungen auf Anfrage.<\/p>\n","protected":false},"featured_media":0,"template":"","meta":{"_acf_changed":false},"product_brand":[],"product_cat":[37],"product_tag":[],"class_list":{"0":"post-1170","1":"product","2":"type-product","3":"status-publish","5":"product_cat-waermeisolier-und-leitfolien","7":"first","8":"instock","9":"shipping-taxable","10":"product-type-simple"},"acf":[],"_links":{"self":[{"href":"https:\/\/www.tepro.co.at\/en\/wp-json\/wp\/v2\/product\/1170","targetHints":{"allow":["GET"]}}],"collection":[{"href":"https:\/\/www.tepro.co.at\/en\/wp-json\/wp\/v2\/product"}],"about":[{"href":"https:\/\/www.tepro.co.at\/en\/wp-json\/wp\/v2\/types\/product"}],"wp:attachment":[{"href":"https:\/\/www.tepro.co.at\/en\/wp-json\/wp\/v2\/media?parent=1170"}],"wp:term":[{"taxonomy":"product_brand","embeddable":true,"href":"https:\/\/www.tepro.co.at\/en\/wp-json\/wp\/v2\/product_brand?post=1170"},{"taxonomy":"product_cat","embeddable":true,"href":"https:\/\/www.tepro.co.at\/en\/wp-json\/wp\/v2\/product_cat?post=1170"},{"taxonomy":"product_tag","embeddable":true,"href":"https:\/\/www.tepro.co.at\/en\/wp-json\/wp\/v2\/product_tag?post=1170"}],"curies":[{"name":"wp","href":"https:\/\/api.w.org\/{rel}","templated":true}]}}