{"id":1173,"date":"2020-07-30T09:14:37","date_gmt":"2020-07-30T09:14:37","guid":{"rendered":"https:\/\/www.tepro.co.at\/?post_type=product&#038;p=1173"},"modified":"2023-07-13T11:34:06","modified_gmt":"2023-07-13T11:34:06","slug":"pvc-schutzschlauch-bougierschlauch","status":"publish","type":"product","link":"https:\/\/www.tepro.co.at\/en\/produkt\/isolier-und-schutzschl-en\/pvc-schutzschlauch-bougierschlauch\/","title":{"rendered":"PVC Schutzschlauch \/ Bougierschlauch"},"content":{"rendered":"<ul>\n<li>W\u00e4rmeklasse Y (85\u00b0C) und A (105\u00b0C)<\/li>\n<\/ul>\n<p>Extrudierter Schlauch aus Polyvinylchlorid (weich PVC)<br \/>\nDimensionen und Toleranzen nach DIN 40621<\/p>\n<h2>Haupteigenschaften:<\/h2>\n<ul>\n<li>Gute Durchschlagfestigkeit<\/li>\n<li>Sehr kosteng\u00fcnstig<\/li>\n<li>Selbstverl\u00f6schend<\/li>\n<\/ul>\n<h2>Hauptanwendungen:<\/h2>\n<ul>\n<li>Isolation und B\u00fcndelung von Kabeln und Litzen in der Maschinen- und Elektronikindustrie<\/li>\n<\/ul>\n<h2>Lieferformen:<\/h2>\n<ul>\n<li>Auf Spulen und im Bund zu25m, 50m, 100m, und 200m, je nach Dimension; Abmessungen von \u2205 0,5<\/li>\n<li>In Standardfarbe schwarz, je nach Verf\u00fcgbarkeit<\/li>\n<\/ul>\n","protected":false},"excerpt":{"rendered":"<p>W\u00e4rmeklasse Y (85\u00b0C) und A (105\u00b0C) Extrudierter Schlauch aus Polyvinylchlorid (weich PVC) Dimensionen und Toleranzen nach DIN 40621 Haupteigenschaften: Gute Durchschlagfestigkeit Sehr kosteng\u00fcnstig Selbstverl\u00f6schend Hauptanwendungen: Isolation und B\u00fcndelung von Kabeln und Litzen in der Maschinen- und Elektronikindustrie Lieferformen: Auf Spulen und im Bund zu25m, 50m, 100m, und 200m, je nach Dimension; Abmessungen von \u2205 0,5&hellip;<\/p>\n","protected":false},"featured_media":1286,"template":"","meta":{"_acf_changed":false},"product_brand":[],"product_cat":[38],"product_tag":[],"class_list":{"0":"post-1173","1":"product","2":"type-product","3":"status-publish","4":"has-post-thumbnail","6":"product_cat-isolier-und-schutzschlaeuche","8":"first","9":"instock","10":"shipping-taxable","11":"product-type-simple"},"acf":[],"_links":{"self":[{"href":"https:\/\/www.tepro.co.at\/en\/wp-json\/wp\/v2\/product\/1173","targetHints":{"allow":["GET"]}}],"collection":[{"href":"https:\/\/www.tepro.co.at\/en\/wp-json\/wp\/v2\/product"}],"about":[{"href":"https:\/\/www.tepro.co.at\/en\/wp-json\/wp\/v2\/types\/product"}],"wp:featuredmedia":[{"embeddable":true,"href":"https:\/\/www.tepro.co.at\/en\/wp-json\/wp\/v2\/media\/1286"}],"wp:attachment":[{"href":"https:\/\/www.tepro.co.at\/en\/wp-json\/wp\/v2\/media?parent=1173"}],"wp:term":[{"taxonomy":"product_brand","embeddable":true,"href":"https:\/\/www.tepro.co.at\/en\/wp-json\/wp\/v2\/product_brand?post=1173"},{"taxonomy":"product_cat","embeddable":true,"href":"https:\/\/www.tepro.co.at\/en\/wp-json\/wp\/v2\/product_cat?post=1173"},{"taxonomy":"product_tag","embeddable":true,"href":"https:\/\/www.tepro.co.at\/en\/wp-json\/wp\/v2\/product_tag?post=1173"}],"curies":[{"name":"wp","href":"https:\/\/api.w.org\/{rel}","templated":true}]}}