{"id":1174,"date":"2020-07-30T09:18:53","date_gmt":"2020-07-30T09:18:53","guid":{"rendered":"https:\/\/www.tepro.co.at\/?post_type=product&#038;p=1174"},"modified":"2023-03-15T12:01:06","modified_gmt":"2023-03-15T12:01:06","slug":"gl-dd-glasseidenschlauch-mit-dd-lack","status":"publish","type":"product","link":"https:\/\/www.tepro.co.at\/en\/produkt\/isolier-und-schutzschl-en\/gl-dd-glasseidenschlauch-mit-dd-lack\/","title":{"rendered":"GL-DD Glasseidenschlauch mit DD-Lack"},"content":{"rendered":"<ul>\n<li>W\u00e4rmeklasse F (155\u00b0C)<\/li>\n<\/ul>\n<p>Glasgewebeschlauch mit DD-Lack-Impr\u00e4gnierung<br \/>\nDimensionen und Toleranzen nach DIN 40628 und auch in UL<\/p>\n<h2>Haupteigenschaften:<\/h2>\n<ul>\n<li>Sehr gute chemische Best\u00e4ndigkeit<\/li>\n<li>Sehr gute Tr\u00e4nkmittel- und \u00d6lbest\u00e4ndigkeit<\/li>\n<\/ul>\n<h2>Lieferformen:<\/h2>\n<ul>\n<li>Im Bund zu 50 m, 100 m und 200 m, je nach Dimension; Abmessungen von \u00d8 0,5 mm bis \u00d8 25 mm<\/li>\n<li>In Standardfarbe wei\u00df (natur)<\/li>\n<li>Von 2 kV bis 3 kV Durchschlagfestigkeit<\/li>\n<\/ul>\n","protected":false},"excerpt":{"rendered":"<p>W\u00e4rmeklasse F (155\u00b0C) Glasgewebeschlauch mit DD-Lack-Impr\u00e4gnierung Dimensionen und Toleranzen nach DIN 40628 und auch in UL Haupteigenschaften: Sehr gute chemische Best\u00e4ndigkeit Sehr gute Tr\u00e4nkmittel- und \u00d6lbest\u00e4ndigkeit Lieferformen: Im Bund zu 50 m, 100 m und 200 m, je nach Dimension; Abmessungen von \u00d8 0,5 mm bis \u00d8 25 mm In Standardfarbe wei\u00df (natur) Von 2&hellip;<\/p>\n","protected":false},"featured_media":1280,"template":"","meta":{"_acf_changed":false},"product_brand":[],"product_cat":[38],"product_tag":[],"class_list":{"0":"post-1174","1":"product","2":"type-product","3":"status-publish","4":"has-post-thumbnail","6":"product_cat-isolier-und-schutzschlaeuche","8":"first","9":"instock","10":"shipping-taxable","11":"product-type-simple"},"acf":[],"_links":{"self":[{"href":"https:\/\/www.tepro.co.at\/en\/wp-json\/wp\/v2\/product\/1174","targetHints":{"allow":["GET"]}}],"collection":[{"href":"https:\/\/www.tepro.co.at\/en\/wp-json\/wp\/v2\/product"}],"about":[{"href":"https:\/\/www.tepro.co.at\/en\/wp-json\/wp\/v2\/types\/product"}],"wp:featuredmedia":[{"embeddable":true,"href":"https:\/\/www.tepro.co.at\/en\/wp-json\/wp\/v2\/media\/1280"}],"wp:attachment":[{"href":"https:\/\/www.tepro.co.at\/en\/wp-json\/wp\/v2\/media?parent=1174"}],"wp:term":[{"taxonomy":"product_brand","embeddable":true,"href":"https:\/\/www.tepro.co.at\/en\/wp-json\/wp\/v2\/product_brand?post=1174"},{"taxonomy":"product_cat","embeddable":true,"href":"https:\/\/www.tepro.co.at\/en\/wp-json\/wp\/v2\/product_cat?post=1174"},{"taxonomy":"product_tag","embeddable":true,"href":"https:\/\/www.tepro.co.at\/en\/wp-json\/wp\/v2\/product_tag?post=1174"}],"curies":[{"name":"wp","href":"https:\/\/api.w.org\/{rel}","templated":true}]}}