{"id":1175,"date":"2020-07-30T09:20:45","date_gmt":"2020-07-30T09:20:45","guid":{"rendered":"https:\/\/www.tepro.co.at\/?post_type=product&#038;p=1175"},"modified":"2023-03-15T12:05:56","modified_gmt":"2023-03-15T12:05:56","slug":"vac-glasseidengewebeschlauch-mit-acrylbeschichtung","status":"publish","type":"product","link":"https:\/\/www.tepro.co.at\/en\/produkt\/isolier-und-schutzschl-en\/vac-glasseidengewebeschlauch-mit-acrylbeschichtung\/","title":{"rendered":"VAC Glasseidengewebeschlauch mit Acrylbeschichtung"},"content":{"rendered":"<ul>\n<li>W\u00e4rmeklasse F (155\u00b0C)<\/li>\n<\/ul>\n<p>Glasgewebeschlauch mit Acryllackbeschichtung<br \/>\nDimensionen und Toleranzen nach DIN 40620<br \/>\nDer VAC ist UL-gelistet unter der File-Nummer E 219976<\/p>\n<h2>Haupteigenschaften:<\/h2>\n<ul>\n<li>Robust, abriebfest mit einer guten Flexibilit\u00e4t<\/li>\n<li>Gute chemische Best\u00e4ndigkeit<\/li>\n<li>Sehr gute Kompatibilit\u00e4t mit den Impr\u00e4gnierlacken<\/li>\n<li>Einsatztemperaturbereich von -25\u00b0C bis +155\u00b0C<\/li>\n<\/ul>\n<h2>Lieferformen:<\/h2>\n<ul>\n<li>Auf Kartonrollen zu 50 m, 100 m und 200 m, je nach Dimension; Abmessungen von \u00d8 0,5 mm bis \u00d8 25 mm<\/li>\n<li>In Standardfarben natur (beige)<\/li>\n<li>Von 4 kV bis 8 kV Durchschlagfestigkeit<\/li>\n<\/ul>\n<h2>Durchschlagfestigkeit:<\/h2>\n<ul>\n<li>VAC40: 3 kV nach UL 1441<\/li>\n<li>VAC80: 5 kV nach UL 1441<\/li>\n<\/ul>\n","protected":false},"excerpt":{"rendered":"<p>W\u00e4rmeklasse F (155\u00b0C) Glasgewebeschlauch mit Acryllackbeschichtung Dimensionen und Toleranzen nach DIN 40620 Der VAC ist UL-gelistet unter der File-Nummer E 219976 Haupteigenschaften: Robust, abriebfest mit einer guten Flexibilit\u00e4t Gute chemische Best\u00e4ndigkeit Sehr gute Kompatibilit\u00e4t mit den Impr\u00e4gnierlacken Einsatztemperaturbereich von -25\u00b0C bis +155\u00b0C Lieferformen: Auf Kartonrollen zu 50 m, 100 m und 200 m, je nach&hellip;<\/p>\n","protected":false},"featured_media":1294,"template":"","meta":{"_acf_changed":false},"product_brand":[],"product_cat":[38],"product_tag":[],"class_list":{"0":"post-1175","1":"product","2":"type-product","3":"status-publish","4":"has-post-thumbnail","6":"product_cat-isolier-und-schutzschlaeuche","8":"first","9":"instock","10":"shipping-taxable","11":"product-type-simple"},"acf":[],"_links":{"self":[{"href":"https:\/\/www.tepro.co.at\/en\/wp-json\/wp\/v2\/product\/1175","targetHints":{"allow":["GET"]}}],"collection":[{"href":"https:\/\/www.tepro.co.at\/en\/wp-json\/wp\/v2\/product"}],"about":[{"href":"https:\/\/www.tepro.co.at\/en\/wp-json\/wp\/v2\/types\/product"}],"wp:featuredmedia":[{"embeddable":true,"href":"https:\/\/www.tepro.co.at\/en\/wp-json\/wp\/v2\/media\/1294"}],"wp:attachment":[{"href":"https:\/\/www.tepro.co.at\/en\/wp-json\/wp\/v2\/media?parent=1175"}],"wp:term":[{"taxonomy":"product_brand","embeddable":true,"href":"https:\/\/www.tepro.co.at\/en\/wp-json\/wp\/v2\/product_brand?post=1175"},{"taxonomy":"product_cat","embeddable":true,"href":"https:\/\/www.tepro.co.at\/en\/wp-json\/wp\/v2\/product_cat?post=1175"},{"taxonomy":"product_tag","embeddable":true,"href":"https:\/\/www.tepro.co.at\/en\/wp-json\/wp\/v2\/product_tag?post=1175"}],"curies":[{"name":"wp","href":"https:\/\/api.w.org\/{rel}","templated":true}]}}