{"id":1176,"date":"2020-07-30T09:23:23","date_gmt":"2020-07-30T09:23:23","guid":{"rendered":"https:\/\/www.tepro.co.at\/?post_type=product&#038;p=1176"},"modified":"2023-03-15T12:06:41","modified_gmt":"2023-03-15T12:06:41","slug":"vpg-glasgewebeschlauch-mit-polyurethanbeschichtung","status":"publish","type":"product","link":"https:\/\/www.tepro.co.at\/en\/produkt\/isolier-und-schutzschl-en\/vpg-glasgewebeschlauch-mit-polyurethanbeschichtung\/","title":{"rendered":"VPG Glasgewebeschlauch mit Polyurethanbeschichtung"},"content":{"rendered":"<ul>\n<li>W\u00e4rmeklasse F (155\u00b0C)<\/li>\n<\/ul>\n<p>Glasgewebeschlauch mit Polyurethanbeschichtung<br \/>\nDimensionen und Toleranzen nach DIN 40620, UL 1441<br \/>\nDer VPG ist UL-gelistet unter der File-Nummer E 121222<\/p>\n<h2>Haupteigenschaften:<\/h2>\n<ul>\n<li>Robust, hochflexibel mit glatter Oberfl\u00e4che<\/li>\n<li>Gute chemische Best\u00e4ndigkeit<\/li>\n<li>Sehr gute Kompatibilit\u00e4t mit Impr\u00e4gnierlacken der Klasse F<\/li>\n<li>Frei von umweltbelasteten Chemikalien<\/li>\n<li>Gro\u00dfer Einsatztemperaturbereich von -60\u00b0C bis +250\u00b0C<\/li>\n<\/ul>\n<h2>Lieferformen:<\/h2>\n<ul>\n<li>Auf Kartonrollen zu 50 m, 100 m und 200 m, je nach Dimension; Abmessungen von \u00d8 0,5 mm bis \u00d8 25 mm<\/li>\n<li>In Standardfarben natur (beige) und schwarz<\/li>\n<\/ul>\n<h2>Durchschlagfestigkeit:<\/h2>\n<ul>\n<li>VPG40: 5 kV nach UL 1441<\/li>\n<li>VPG80: 8 kV nach UL 1441<\/li>\n<\/ul>\n","protected":false},"excerpt":{"rendered":"<p>W\u00e4rmeklasse F (155\u00b0C) Glasgewebeschlauch mit Polyurethanbeschichtung Dimensionen und Toleranzen nach DIN 40620, UL 1441 Der VPG ist UL-gelistet unter der File-Nummer E 121222 Haupteigenschaften: Robust, hochflexibel mit glatter Oberfl\u00e4che Gute chemische Best\u00e4ndigkeit Sehr gute Kompatibilit\u00e4t mit Impr\u00e4gnierlacken der Klasse F Frei von umweltbelasteten Chemikalien Gro\u00dfer Einsatztemperaturbereich von -60\u00b0C bis +250\u00b0C Lieferformen: Auf Kartonrollen zu 50&hellip;<\/p>\n","protected":false},"featured_media":1296,"template":"","meta":{"_acf_changed":false},"product_brand":[],"product_cat":[38],"product_tag":[],"class_list":{"0":"post-1176","1":"product","2":"type-product","3":"status-publish","4":"has-post-thumbnail","6":"product_cat-isolier-und-schutzschlaeuche","8":"first","9":"instock","10":"shipping-taxable","11":"product-type-simple"},"acf":[],"_links":{"self":[{"href":"https:\/\/www.tepro.co.at\/en\/wp-json\/wp\/v2\/product\/1176","targetHints":{"allow":["GET"]}}],"collection":[{"href":"https:\/\/www.tepro.co.at\/en\/wp-json\/wp\/v2\/product"}],"about":[{"href":"https:\/\/www.tepro.co.at\/en\/wp-json\/wp\/v2\/types\/product"}],"wp:featuredmedia":[{"embeddable":true,"href":"https:\/\/www.tepro.co.at\/en\/wp-json\/wp\/v2\/media\/1296"}],"wp:attachment":[{"href":"https:\/\/www.tepro.co.at\/en\/wp-json\/wp\/v2\/media?parent=1176"}],"wp:term":[{"taxonomy":"product_brand","embeddable":true,"href":"https:\/\/www.tepro.co.at\/en\/wp-json\/wp\/v2\/product_brand?post=1176"},{"taxonomy":"product_cat","embeddable":true,"href":"https:\/\/www.tepro.co.at\/en\/wp-json\/wp\/v2\/product_cat?post=1176"},{"taxonomy":"product_tag","embeddable":true,"href":"https:\/\/www.tepro.co.at\/en\/wp-json\/wp\/v2\/product_tag?post=1176"}],"curies":[{"name":"wp","href":"https:\/\/api.w.org\/{rel}","templated":true}]}}