{"id":1177,"date":"2020-07-30T09:27:09","date_gmt":"2020-07-30T09:27:09","guid":{"rendered":"https:\/\/www.tepro.co.at\/?post_type=product&#038;p=1177"},"modified":"2023-03-15T12:01:55","modified_gmt":"2023-03-15T12:01:55","slug":"gl-si-glasseidengewebeschlauch-mit-silikongummi","status":"publish","type":"product","link":"https:\/\/www.tepro.co.at\/en\/produkt\/isolier-und-schutzschl-en\/gl-si-glasseidengewebeschlauch-mit-silikongummi\/","title":{"rendered":"GL\u2013SI Glasseidengewebeschlauch mit Silikongummi"},"content":{"rendered":"<ul>\n<li>W\u00e4rmeklasse H 180\u00b0C (bis max. 250\u00b0C)<\/li>\n<\/ul>\n<p>Glasgewebeschlauch mit Silikonkautschukbeschichtung<br \/>\nDimensionen und Toleranzen nach DIN 40630<br \/>\nDer GL-SI ist UL-gelistet unter der File-Nummer E 212701<\/p>\n<h2>Haupteigenschaften:<\/h2>\n<ul>\n<li>Hohe chemische Best\u00e4ndigkeit<\/li>\n<li>Gute Tr\u00e4nkmittel\u2013 und \u00d6lbest\u00e4ndigkeit<\/li>\n<li>Hochflexibel mit einer glatten Oberfl\u00e4che<\/li>\n<li>Gro\u00dfer Einsatztemperaturbereich von -60\u00b0C bis +250\u00b0C<\/li>\n<\/ul>\n<h2>Lieferformen:<\/h2>\n<ul>\n<li>Auf Spulen und im Bund von 25 m, 50 m, 100 m und 200 m, je nach Dimension, Abmessungen von \u00d8 0,5 mm bis \u00d8 34mm<\/li>\n<li>In Standardfarbe rot<\/li>\n<\/ul>\n<h2>Durchschlagfestigkeit:<\/h2>\n<ol>\n<li>GL-SI 15C2: nach IEC 60684\/2,5 kV und 4 kV nach UL 1441<\/li>\n<li>GL-SI 15C3: nach IEC 60684\/4,0 kV und 5 kV nach UL 1441<\/li>\n<\/ol>\n","protected":false},"excerpt":{"rendered":"<p>W\u00e4rmeklasse H 180\u00b0C (bis max. 250\u00b0C) Glasgewebeschlauch mit Silikonkautschukbeschichtung Dimensionen und Toleranzen nach DIN 40630 Der GL-SI ist UL-gelistet unter der File-Nummer E 212701 Haupteigenschaften: Hohe chemische Best\u00e4ndigkeit Gute Tr\u00e4nkmittel\u2013 und \u00d6lbest\u00e4ndigkeit Hochflexibel mit einer glatten Oberfl\u00e4che Gro\u00dfer Einsatztemperaturbereich von -60\u00b0C bis +250\u00b0C Lieferformen: Auf Spulen und im Bund von 25 m, 50 m, 100&hellip;<\/p>\n","protected":false},"featured_media":1282,"template":"","meta":{"_acf_changed":false},"product_brand":[],"product_cat":[38],"product_tag":[],"class_list":{"0":"post-1177","1":"product","2":"type-product","3":"status-publish","4":"has-post-thumbnail","6":"product_cat-isolier-und-schutzschlaeuche","8":"first","9":"instock","10":"shipping-taxable","11":"product-type-simple"},"acf":[],"_links":{"self":[{"href":"https:\/\/www.tepro.co.at\/en\/wp-json\/wp\/v2\/product\/1177","targetHints":{"allow":["GET"]}}],"collection":[{"href":"https:\/\/www.tepro.co.at\/en\/wp-json\/wp\/v2\/product"}],"about":[{"href":"https:\/\/www.tepro.co.at\/en\/wp-json\/wp\/v2\/types\/product"}],"wp:featuredmedia":[{"embeddable":true,"href":"https:\/\/www.tepro.co.at\/en\/wp-json\/wp\/v2\/media\/1282"}],"wp:attachment":[{"href":"https:\/\/www.tepro.co.at\/en\/wp-json\/wp\/v2\/media?parent=1177"}],"wp:term":[{"taxonomy":"product_brand","embeddable":true,"href":"https:\/\/www.tepro.co.at\/en\/wp-json\/wp\/v2\/product_brand?post=1177"},{"taxonomy":"product_cat","embeddable":true,"href":"https:\/\/www.tepro.co.at\/en\/wp-json\/wp\/v2\/product_cat?post=1177"},{"taxonomy":"product_tag","embeddable":true,"href":"https:\/\/www.tepro.co.at\/en\/wp-json\/wp\/v2\/product_tag?post=1177"}],"curies":[{"name":"wp","href":"https:\/\/api.w.org\/{rel}","templated":true}]}}