{"id":1178,"date":"2020-07-30T09:29:11","date_gmt":"2020-07-30T09:29:11","guid":{"rendered":"https:\/\/www.tepro.co.at\/?post_type=product&#038;p=1178"},"modified":"2023-03-15T12:07:25","modified_gmt":"2023-03-15T12:07:25","slug":"vsc-glasseidengewebeschlauch-mit-silikongummi","status":"publish","type":"product","link":"https:\/\/www.tepro.co.at\/en\/produkt\/isolier-und-schutzschl-en\/vsc-glasseidengewebeschlauch-mit-silikongummi\/","title":{"rendered":"VSC Glasseidengewebeschlauch mit Silikongummi"},"content":{"rendered":"<ul>\n<li>W\u00e4rmeklasse H 180\u00b0C (bis max. 235\u00b0C)<\/li>\n<\/ul>\n<p>Glasgewebeschlauch mit Silikonkautschukbeschichtung<br \/>\nDimensionen und Toleranzen nach DIN 40630<br \/>\nDer VSC ist UL-gelistet unter der File-Nummer E 121222<\/p>\n<h2>Haupteigenschaften:<\/h2>\n<ul>\n<li>Erf\u00fcllt die Brandschutzbestimmungen nach EN 45545 HL1, HL2, HL 3<\/li>\n<li>Robust, hochflexibel mit einer glatten Oberfl\u00e4che<\/li>\n<li>Gute chemische Best\u00e4ndigkeit<\/li>\n<li>Sehr gute Kompatibilit\u00e4t mit Impr\u00e4gnierlacken der Klasse H<\/li>\n<li>Frei von umweltbelasteten Chemikalien<\/li>\n<li>Gro\u00dfer Einsatztemperaturbereich von -70\u00b0C bis +235\u00b0C<\/li>\n<\/ul>\n<h2>Lieferformen:<\/h2>\n<ul>\n<li>Auf Kartonrollen zu 50 m, 100 m und 200 m, je nach Dimension; Abmessungen von \u00d8 0,5 mm bis \u00d8 25 mm<\/li>\n<li>In Standardfarben natur (beige) und schwarz<\/li>\n<\/ul>\n<h2>Durchschlagfestigkeit:<\/h2>\n<p>3.7 a) VSC25: nach IEC 60684\/2,5 kV und 4 kV nach UL 1441<br \/>\n3.7 b) VSC40: nach IEC 60684\/4,0 kV und 5 kV nach UL 1441<br \/>\n3.7 c) VSC75: nach IEC 60684\/6,5 kV und 6,5 kV nach UL 1441<\/p>\n","protected":false},"excerpt":{"rendered":"<p>W\u00e4rmeklasse H 180\u00b0C (bis max. 235\u00b0C) Glasgewebeschlauch mit Silikonkautschukbeschichtung Dimensionen und Toleranzen nach DIN 40630 Der VSC ist UL-gelistet unter der File-Nummer E 121222 Haupteigenschaften: Erf\u00fcllt die Brandschutzbestimmungen nach EN 45545 HL1, HL2, HL 3 Robust, hochflexibel mit einer glatten Oberfl\u00e4che Gute chemische Best\u00e4ndigkeit Sehr gute Kompatibilit\u00e4t mit Impr\u00e4gnierlacken der Klasse H Frei von umweltbelasteten&hellip;<\/p>\n","protected":false},"featured_media":1298,"template":"","meta":{"_acf_changed":false},"product_brand":[],"product_cat":[38],"product_tag":[],"class_list":{"0":"post-1178","1":"product","2":"type-product","3":"status-publish","4":"has-post-thumbnail","6":"product_cat-isolier-und-schutzschlaeuche","8":"first","9":"instock","10":"shipping-taxable","11":"product-type-simple"},"acf":[],"_links":{"self":[{"href":"https:\/\/www.tepro.co.at\/en\/wp-json\/wp\/v2\/product\/1178","targetHints":{"allow":["GET"]}}],"collection":[{"href":"https:\/\/www.tepro.co.at\/en\/wp-json\/wp\/v2\/product"}],"about":[{"href":"https:\/\/www.tepro.co.at\/en\/wp-json\/wp\/v2\/types\/product"}],"wp:featuredmedia":[{"embeddable":true,"href":"https:\/\/www.tepro.co.at\/en\/wp-json\/wp\/v2\/media\/1298"}],"wp:attachment":[{"href":"https:\/\/www.tepro.co.at\/en\/wp-json\/wp\/v2\/media?parent=1178"}],"wp:term":[{"taxonomy":"product_brand","embeddable":true,"href":"https:\/\/www.tepro.co.at\/en\/wp-json\/wp\/v2\/product_brand?post=1178"},{"taxonomy":"product_cat","embeddable":true,"href":"https:\/\/www.tepro.co.at\/en\/wp-json\/wp\/v2\/product_cat?post=1178"},{"taxonomy":"product_tag","embeddable":true,"href":"https:\/\/www.tepro.co.at\/en\/wp-json\/wp\/v2\/product_tag?post=1178"}],"curies":[{"name":"wp","href":"https:\/\/api.w.org\/{rel}","templated":true}]}}