{"id":1181,"date":"2020-07-30T09:44:11","date_gmt":"2020-07-30T09:44:11","guid":{"rendered":"https:\/\/www.tepro.co.at\/?post_type=product&#038;p=1181"},"modified":"2023-03-15T12:10:34","modified_gmt":"2023-03-15T12:10:34","slug":"polyester-klebeband-typ-10966","status":"publish","type":"product","link":"https:\/\/www.tepro.co.at\/en\/produkt\/klebebaender2-en\/polyester-klebeband-typ-10966\/","title":{"rendered":"Polyester-Klebeband &#8211; gelb (Typ 75400)"},"content":{"rendered":"<ul>\n<li>W\u00e4rmeklasse B (130\u00b0C)<\/li>\n<\/ul>\n<h2>Haupteigenschaften:<\/h2>\n<ul>\n<li>Geschmeidiger, weicher Kleber<\/li>\n<li>Sehr gute Klebeeigenschaften auch auf d\u00fcnnen Dr\u00e4hten<\/li>\n<li>Gute Vertr\u00e4glichkeit mit Tr\u00e4nk- und Impr\u00e4gniermitteln<\/li>\n<li>Spannungsfestigkeit in V eff 5000<\/li>\n<\/ul>\n<h2>Hauptanwendungen:<\/h2>\n<ul>\n<li>Motoren\u2013 und Trafobau<\/li>\n<\/ul>\n<h2>Weitere Merkmale:<\/h2>\n<ul>\n<li>Klebemasse: Acrylatkleber<\/li>\n<li>Tr\u00e4gerst\u00e4rke: 0,023 mm<\/li>\n<li>Gesamtst\u00e4rke: 0,060 mm<\/li>\n<\/ul>\n<h2>Lieferformen:<\/h2>\n<ul>\n<li>Auf Rollen von 50 m und 66 m L\u00e4nge<\/li>\n<li>Inhalt pro Karton je nach Bandbreite:<br \/>\n12 Rollen Breite 25 mm<br \/>\n16 Rollen Breite 19 mm<br \/>\n20 Rollen Breite 15 mm<br \/>\n24 Rollen Breite 12 mm<br \/>\n32 Rollen Breite\u00a0\u00a0 9 mm<\/li>\n<\/ul>\n","protected":false},"excerpt":{"rendered":"<p>W\u00e4rmeklasse B (130\u00b0C) Haupteigenschaften: Geschmeidiger, weicher Kleber Sehr gute Klebeeigenschaften auch auf d\u00fcnnen Dr\u00e4hten Gute Vertr\u00e4glichkeit mit Tr\u00e4nk- und Impr\u00e4gniermitteln Spannungsfestigkeit in V eff 5000 Hauptanwendungen: Motoren\u2013 und Trafobau Weitere Merkmale: Klebemasse: Acrylatkleber Tr\u00e4gerst\u00e4rke: 0,023 mm Gesamtst\u00e4rke: 0,060 mm Lieferformen: Auf Rollen von 50 m und 66 m L\u00e4nge Inhalt pro Karton je nach Bandbreite:&hellip;<\/p>\n","protected":false},"featured_media":1341,"template":"","meta":{"_acf_changed":false},"product_brand":[],"product_cat":[44],"product_tag":[],"class_list":{"0":"post-1181","1":"product","2":"type-product","3":"status-publish","4":"has-post-thumbnail","6":"product_cat-klebebaender","8":"first","9":"instock","10":"shipping-taxable","11":"product-type-simple"},"acf":[],"_links":{"self":[{"href":"https:\/\/www.tepro.co.at\/en\/wp-json\/wp\/v2\/product\/1181","targetHints":{"allow":["GET"]}}],"collection":[{"href":"https:\/\/www.tepro.co.at\/en\/wp-json\/wp\/v2\/product"}],"about":[{"href":"https:\/\/www.tepro.co.at\/en\/wp-json\/wp\/v2\/types\/product"}],"wp:featuredmedia":[{"embeddable":true,"href":"https:\/\/www.tepro.co.at\/en\/wp-json\/wp\/v2\/media\/1341"}],"wp:attachment":[{"href":"https:\/\/www.tepro.co.at\/en\/wp-json\/wp\/v2\/media?parent=1181"}],"wp:term":[{"taxonomy":"product_brand","embeddable":true,"href":"https:\/\/www.tepro.co.at\/en\/wp-json\/wp\/v2\/product_brand?post=1181"},{"taxonomy":"product_cat","embeddable":true,"href":"https:\/\/www.tepro.co.at\/en\/wp-json\/wp\/v2\/product_cat?post=1181"},{"taxonomy":"product_tag","embeddable":true,"href":"https:\/\/www.tepro.co.at\/en\/wp-json\/wp\/v2\/product_tag?post=1181"}],"curies":[{"name":"wp","href":"https:\/\/api.w.org\/{rel}","templated":true}]}}