{"id":1186,"date":"2020-07-30T09:50:03","date_gmt":"2020-07-30T09:50:03","guid":{"rendered":"https:\/\/www.tepro.co.at\/?post_type=product&#038;p=1186"},"modified":"2023-07-13T09:00:44","modified_gmt":"2023-07-13T09:00:44","slug":"nomex-klebeband-typ-65100","status":"publish","type":"product","link":"https:\/\/www.tepro.co.at\/en\/produkt\/klebebaender2-en\/nomex-klebeband-typ-65100\/","title":{"rendered":"NOMEX\u00ae-Klebeband (Typ 78300)"},"content":{"rendered":"<ul>\n<li>W\u00e4rmeklasse F(155\u00b0C) und H(180\u00b0C)<\/li>\n<\/ul>\n<h2>Haupteigenschaften:<\/h2>\n<ul>\n<li>Hochtemperaturbest\u00e4ndig<\/li>\n<li>Resistent gegen Chemikalien<\/li>\n<li>Gro\u00dfe dielektrische Best\u00e4ndigkeit<\/li>\n<li>Spannungsfestigkeit in V eff 800<\/li>\n<\/ul>\n<h2>Hauptanwendungen:<\/h2>\n<ul>\n<li>Trafo- und Maschinenbau (z.B. Phasenisolation)<\/li>\n<\/ul>\n<h2>Weitere Merkmale:<\/h2>\n<ul>\n<li>Klebemasse: Kautschukkleber und Acrylatkleber<\/li>\n<li>Tr\u00e4gerst\u00e4rke: 0,050 mm<\/li>\n<li>Gesamtst\u00e4rke: 0,110 mm<\/li>\n<\/ul>\n<h2>Lieferformen:<\/h2>\n<ul>\n<li>Auf Rollen von 50 m und 66 m L\u00e4nge<\/li>\n<\/ul>\n","protected":false},"excerpt":{"rendered":"<p>W\u00e4rmeklasse F(155\u00b0C) und H(180\u00b0C) Haupteigenschaften: Hochtemperaturbest\u00e4ndig Resistent gegen Chemikalien Gro\u00dfe dielektrische Best\u00e4ndigkeit Spannungsfestigkeit in V eff 800 Hauptanwendungen: Trafo- und Maschinenbau (z.B. Phasenisolation) Weitere Merkmale: Klebemasse: Kautschukkleber und Acrylatkleber Tr\u00e4gerst\u00e4rke: 0,050 mm Gesamtst\u00e4rke: 0,110 mm Lieferformen: Auf Rollen von 50 m und 66 m L\u00e4nge<\/p>\n","protected":false},"featured_media":0,"template":"","meta":{"_acf_changed":false},"product_brand":[],"product_cat":[44],"product_tag":[],"class_list":{"0":"post-1186","1":"product","2":"type-product","3":"status-publish","5":"product_cat-klebebaender","7":"first","8":"instock","9":"shipping-taxable","10":"product-type-simple"},"acf":[],"_links":{"self":[{"href":"https:\/\/www.tepro.co.at\/en\/wp-json\/wp\/v2\/product\/1186","targetHints":{"allow":["GET"]}}],"collection":[{"href":"https:\/\/www.tepro.co.at\/en\/wp-json\/wp\/v2\/product"}],"about":[{"href":"https:\/\/www.tepro.co.at\/en\/wp-json\/wp\/v2\/types\/product"}],"wp:attachment":[{"href":"https:\/\/www.tepro.co.at\/en\/wp-json\/wp\/v2\/media?parent=1186"}],"wp:term":[{"taxonomy":"product_brand","embeddable":true,"href":"https:\/\/www.tepro.co.at\/en\/wp-json\/wp\/v2\/product_brand?post=1186"},{"taxonomy":"product_cat","embeddable":true,"href":"https:\/\/www.tepro.co.at\/en\/wp-json\/wp\/v2\/product_cat?post=1186"},{"taxonomy":"product_tag","embeddable":true,"href":"https:\/\/www.tepro.co.at\/en\/wp-json\/wp\/v2\/product_tag?post=1186"}],"curies":[{"name":"wp","href":"https:\/\/api.w.org\/{rel}","templated":true}]}}