{"id":1187,"date":"2020-07-30T09:56:37","date_gmt":"2020-07-30T09:56:37","guid":{"rendered":"https:\/\/www.tepro.co.at\/?post_type=product&#038;p=1187"},"modified":"2021-02-10T13:11:24","modified_gmt":"2021-02-10T13:11:24","slug":"kapton-klebeband-typ-70100","status":"publish","type":"product","link":"https:\/\/www.tepro.co.at\/en\/produkt\/klebebaender2-en\/kapton-klebeband-typ-70100\/","title":{"rendered":"Kapton\u00ae-Klebeband (Typ 77300)"},"content":{"rendered":"<ul>\n<li>W\u00e4rmeklasse H (180\u00b0C)<\/li>\n<\/ul>\n<h2>Haupteigenschaften:<\/h2>\n<ul>\n<li>Hochtemperaturbest\u00e4ndig (flammhemmend)<\/li>\n<li>Hohe Durchschlagfestigkeit<\/li>\n<li>Gute mechanische Eigenschaften<\/li>\n<li>Spannungsfestigkeit in V eff 7000<\/li>\n<\/ul>\n<h2>Hauptanwendungen:<\/h2>\n<ul>\n<li>Maschinen- und Motorenbau<\/li>\n<\/ul>\n<h2>Weitere Merkmale:<\/h2>\n<ul>\n<li>Klebemasse: Silikonkleber<\/li>\n<li>Tr\u00e4gerst\u00e4rke: 0,025 mm<\/li>\n<li>Gesamtst\u00e4rke: 0,055 mm<\/li>\n<\/ul>\n<h2>Lieferformen:<\/h2>\n<ul>\n<li>Auf Rollen von 33 m und 66 m L\u00e4nge<\/li>\n<li>Inhalt pro Karton je nach Bandbreite:<br \/>\n12 Rollen Breite 25 mm<br \/>\n16 Rollen Breite 19 mm<br \/>\n20 Rollen Breite 15 mm<br \/>\n24 Rollen Breite 12 mm<br \/>\n32 Rollen Breite\u00a0\u00a0 9 mm<\/li>\n<\/ul>\n","protected":false},"excerpt":{"rendered":"<p>W\u00e4rmeklasse H (180\u00b0C) Haupteigenschaften: Hochtemperaturbest\u00e4ndig (flammhemmend) Hohe Durchschlagfestigkeit Gute mechanische Eigenschaften Spannungsfestigkeit in V eff 7000 Hauptanwendungen: Maschinen- und Motorenbau Weitere Merkmale: Klebemasse: Silikonkleber Tr\u00e4gerst\u00e4rke: 0,025 mm Gesamtst\u00e4rke: 0,055 mm Lieferformen: Auf Rollen von 33 m und 66 m L\u00e4nge Inhalt pro Karton je nach Bandbreite: 12 Rollen Breite 25 mm 16 Rollen Breite 19&hellip;<\/p>\n","protected":false},"featured_media":1346,"template":"","meta":{"_acf_changed":false},"product_brand":[],"product_cat":[44],"product_tag":[],"class_list":{"0":"post-1187","1":"product","2":"type-product","3":"status-publish","4":"has-post-thumbnail","6":"product_cat-klebebaender","8":"first","9":"instock","10":"shipping-taxable","11":"product-type-simple"},"acf":[],"_links":{"self":[{"href":"https:\/\/www.tepro.co.at\/en\/wp-json\/wp\/v2\/product\/1187","targetHints":{"allow":["GET"]}}],"collection":[{"href":"https:\/\/www.tepro.co.at\/en\/wp-json\/wp\/v2\/product"}],"about":[{"href":"https:\/\/www.tepro.co.at\/en\/wp-json\/wp\/v2\/types\/product"}],"wp:featuredmedia":[{"embeddable":true,"href":"https:\/\/www.tepro.co.at\/en\/wp-json\/wp\/v2\/media\/1346"}],"wp:attachment":[{"href":"https:\/\/www.tepro.co.at\/en\/wp-json\/wp\/v2\/media?parent=1187"}],"wp:term":[{"taxonomy":"product_brand","embeddable":true,"href":"https:\/\/www.tepro.co.at\/en\/wp-json\/wp\/v2\/product_brand?post=1187"},{"taxonomy":"product_cat","embeddable":true,"href":"https:\/\/www.tepro.co.at\/en\/wp-json\/wp\/v2\/product_cat?post=1187"},{"taxonomy":"product_tag","embeddable":true,"href":"https:\/\/www.tepro.co.at\/en\/wp-json\/wp\/v2\/product_tag?post=1187"}],"curies":[{"name":"wp","href":"https:\/\/api.w.org\/{rel}","templated":true}]}}