{"id":1190,"date":"2020-07-30T10:03:38","date_gmt":"2020-07-30T10:03:38","guid":{"rendered":"https:\/\/www.tepro.co.at\/?post_type=product&#038;p=1190"},"modified":"2023-07-13T09:13:17","modified_gmt":"2023-07-13T09:13:17","slug":"polyesterwickelband-typ-2550-und-2112","status":"publish","type":"product","link":"https:\/\/www.tepro.co.at\/en\/produkt\/bandagen-und-wickelmaterialien\/polyesterwickelband-typ-2550-und-2112\/","title":{"rendered":"Polyesterwickelband (Typ 2550 und 2112)"},"content":{"rendered":"<ul>\n<li>W\u00e4rmeklasse B (130\u00b0C)<\/li>\n<\/ul>\n<h2>Haupteigenschaften:<\/h2>\n<ul>\n<li>Schrumpfend<\/li>\n<li>Tr\u00e4nk- und Lackresistenz<\/li>\n<\/ul>\n<h2>Hauptanwendungen:<\/h2>\n<ul>\n<li>Motoren- und Trafobau<\/li>\n<\/ul>\n<h2>Weitere Merkmale:<\/h2>\n<ul>\n<li>Gesamtst\u00e4rke Typ 2550: 0,10 mm<\/li>\n<li>Gesamtst\u00e4rke Typ 2112: 0,33 mm<\/li>\n<\/ul>\n<h2>Lieferformen:<\/h2>\n<ul>\n<li>Auf Rollen zu 100 m<\/li>\n<li>In Breiten von 10 mm bis 90 mm<\/li>\n<\/ul>\n","protected":false},"excerpt":{"rendered":"<p>W\u00e4rmeklasse B (130\u00b0C) Haupteigenschaften: Schrumpfend Tr\u00e4nk- und Lackresistenz Hauptanwendungen: Motoren- und Trafobau Weitere Merkmale: Gesamtst\u00e4rke Typ 2550: 0,10 mm Gesamtst\u00e4rke Typ 2112: 0,33 mm Lieferformen: Auf Rollen zu 100 m In Breiten von 10 mm bis 90 mm<\/p>\n","protected":false},"featured_media":1254,"template":"","meta":{"_acf_changed":false},"product_brand":[],"product_cat":[75],"product_tag":[],"class_list":{"0":"post-1190","1":"product","2":"type-product","3":"status-publish","4":"has-post-thumbnail","6":"product_cat-bandagen-und-wickelmaterialien","8":"first","9":"instock","10":"shipping-taxable","11":"product-type-simple"},"acf":[],"_links":{"self":[{"href":"https:\/\/www.tepro.co.at\/en\/wp-json\/wp\/v2\/product\/1190","targetHints":{"allow":["GET"]}}],"collection":[{"href":"https:\/\/www.tepro.co.at\/en\/wp-json\/wp\/v2\/product"}],"about":[{"href":"https:\/\/www.tepro.co.at\/en\/wp-json\/wp\/v2\/types\/product"}],"wp:featuredmedia":[{"embeddable":true,"href":"https:\/\/www.tepro.co.at\/en\/wp-json\/wp\/v2\/media\/1254"}],"wp:attachment":[{"href":"https:\/\/www.tepro.co.at\/en\/wp-json\/wp\/v2\/media?parent=1190"}],"wp:term":[{"taxonomy":"product_brand","embeddable":true,"href":"https:\/\/www.tepro.co.at\/en\/wp-json\/wp\/v2\/product_brand?post=1190"},{"taxonomy":"product_cat","embeddable":true,"href":"https:\/\/www.tepro.co.at\/en\/wp-json\/wp\/v2\/product_cat?post=1190"},{"taxonomy":"product_tag","embeddable":true,"href":"https:\/\/www.tepro.co.at\/en\/wp-json\/wp\/v2\/product_tag?post=1190"}],"curies":[{"name":"wp","href":"https:\/\/api.w.org\/{rel}","templated":true}]}}