{"id":1192,"date":"2020-07-30T10:09:08","date_gmt":"2020-07-30T10:09:08","guid":{"rendered":"https:\/\/www.tepro.co.at\/?post_type=product&#038;p=1192"},"modified":"2023-07-13T09:01:40","modified_gmt":"2023-07-13T09:01:40","slug":"filamentwickelband-rta-4-bis-rta-22","status":"publish","type":"product","link":"https:\/\/www.tepro.co.at\/en\/produkt\/bandagen-und-wickelmaterialien\/filamentwickelband-rta-4-bis-rta-22\/","title":{"rendered":"Filamentwickelband (RTA 4 bis RTA 22)"},"content":{"rendered":"<ul>\n<li>W\u00e4rmeklasse B (130\u00b0C)<\/li>\n<\/ul>\n<h2>Haupteigenschaften:<\/h2>\n<ul>\n<li>Sehr gro\u00dfe Rei\u00dffestigkeit (ca. 4kg pro Faden)<\/li>\n<li>Gute Tr\u00e4nk- und Lackresistenz<\/li>\n<\/ul>\n<h2>Hauptanwendungen:<\/h2>\n<ul>\n<li>Motoren- und Trafobau<\/li>\n<\/ul>\n<h2>Lieferformen:<\/h2>\n<ul>\n<li>VPE: 12 Rollen pro Karton<\/li>\n<li>Auf Spulen zu Rollenl\u00e4ngen von 250 m bis 1800 m, je nach Breite<\/li>\n<li>In Breiten von 2 mm (RT 4) bis 11 mm (RT 22)<\/li>\n<li>St\u00e4rke: 0,25 mm<\/li>\n<\/ul>\n","protected":false},"excerpt":{"rendered":"<p>W\u00e4rmeklasse B (130\u00b0C) Haupteigenschaften: Sehr gro\u00dfe Rei\u00dffestigkeit (ca. 4kg pro Faden) Gute Tr\u00e4nk- und Lackresistenz Hauptanwendungen: Motoren- und Trafobau Lieferformen: VPE: 12 Rollen pro Karton Auf Spulen zu Rollenl\u00e4ngen von 250 m bis 1800 m, je nach Breite In Breiten von 2 mm (RT 4) bis 11 mm (RT 22) St\u00e4rke: 0,25 mm<\/p>\n","protected":false},"featured_media":1244,"template":"","meta":{"_acf_changed":false},"product_brand":[],"product_cat":[75],"product_tag":[],"class_list":{"0":"post-1192","1":"product","2":"type-product","3":"status-publish","4":"has-post-thumbnail","6":"product_cat-bandagen-und-wickelmaterialien","8":"first","9":"instock","10":"shipping-taxable","11":"product-type-simple"},"acf":[],"_links":{"self":[{"href":"https:\/\/www.tepro.co.at\/en\/wp-json\/wp\/v2\/product\/1192","targetHints":{"allow":["GET"]}}],"collection":[{"href":"https:\/\/www.tepro.co.at\/en\/wp-json\/wp\/v2\/product"}],"about":[{"href":"https:\/\/www.tepro.co.at\/en\/wp-json\/wp\/v2\/types\/product"}],"wp:featuredmedia":[{"embeddable":true,"href":"https:\/\/www.tepro.co.at\/en\/wp-json\/wp\/v2\/media\/1244"}],"wp:attachment":[{"href":"https:\/\/www.tepro.co.at\/en\/wp-json\/wp\/v2\/media?parent=1192"}],"wp:term":[{"taxonomy":"product_brand","embeddable":true,"href":"https:\/\/www.tepro.co.at\/en\/wp-json\/wp\/v2\/product_brand?post=1192"},{"taxonomy":"product_cat","embeddable":true,"href":"https:\/\/www.tepro.co.at\/en\/wp-json\/wp\/v2\/product_cat?post=1192"},{"taxonomy":"product_tag","embeddable":true,"href":"https:\/\/www.tepro.co.at\/en\/wp-json\/wp\/v2\/product_tag?post=1192"}],"curies":[{"name":"wp","href":"https:\/\/api.w.org\/{rel}","templated":true}]}}