{"id":1193,"date":"2020-07-30T10:10:31","date_gmt":"2020-07-30T10:10:31","guid":{"rendered":"https:\/\/www.tepro.co.at\/?post_type=product&#038;p=1193"},"modified":"2023-07-13T09:14:03","modified_gmt":"2023-07-13T09:14:03","slug":"glasseidenband","status":"publish","type":"product","link":"https:\/\/www.tepro.co.at\/en\/produkt\/bandagen-und-wickelmaterialien\/glasseidenband\/","title":{"rendered":"Glasseidenband"},"content":{"rendered":"<ul>\n<li>W\u00e4rmeklasse H (180\u00b0C) und h\u00f6her<\/li>\n<\/ul>\n<h2>Haupteigenschaften:<\/h2>\n<ul>\n<li>Gute Best\u00e4ndigkeit gegen \u00d6le und Fette<\/li>\n<li>Resistent gegen organische S\u00e4uren und L\u00f6sungsmittel<\/li>\n<li>Tr\u00e4nk- und Lackresistenz<\/li>\n<\/ul>\n<h2>Hauptanwendungen:<\/h2>\n<ul>\n<li>Motoren- und Trafobau<\/li>\n<li>Ofenbau<\/li>\n<\/ul>\n<h2>Lieferformen:<\/h2>\n<ul>\n<li>St\u00e4rken von 0,11 \u2013 0,33mm<\/li>\n<li>Breiten von 10mm &#8211; 105mm<\/li>\n<li>Kundenspezifische Fertigung m\u00f6glich (Breiten\/St\u00e4rken\/Aufmachung)<\/li>\n<\/ul>\n","protected":false},"excerpt":{"rendered":"<p>W\u00e4rmeklasse H (180\u00b0C) und h\u00f6her Haupteigenschaften: Gute Best\u00e4ndigkeit gegen \u00d6le und Fette Resistent gegen organische S\u00e4uren und L\u00f6sungsmittel Tr\u00e4nk- und Lackresistenz Hauptanwendungen: Motoren- und Trafobau Ofenbau Lieferformen: St\u00e4rken von 0,11 \u2013 0,33mm Breiten von 10mm &#8211; 105mm Kundenspezifische Fertigung m\u00f6glich (Breiten\/St\u00e4rken\/Aufmachung)<\/p>\n","protected":false},"featured_media":1248,"template":"","meta":{"_acf_changed":false},"product_brand":[],"product_cat":[75],"product_tag":[],"class_list":{"0":"post-1193","1":"product","2":"type-product","3":"status-publish","4":"has-post-thumbnail","6":"product_cat-bandagen-und-wickelmaterialien","8":"first","9":"instock","10":"shipping-taxable","11":"product-type-simple"},"acf":[],"_links":{"self":[{"href":"https:\/\/www.tepro.co.at\/en\/wp-json\/wp\/v2\/product\/1193","targetHints":{"allow":["GET"]}}],"collection":[{"href":"https:\/\/www.tepro.co.at\/en\/wp-json\/wp\/v2\/product"}],"about":[{"href":"https:\/\/www.tepro.co.at\/en\/wp-json\/wp\/v2\/types\/product"}],"wp:featuredmedia":[{"embeddable":true,"href":"https:\/\/www.tepro.co.at\/en\/wp-json\/wp\/v2\/media\/1248"}],"wp:attachment":[{"href":"https:\/\/www.tepro.co.at\/en\/wp-json\/wp\/v2\/media?parent=1193"}],"wp:term":[{"taxonomy":"product_brand","embeddable":true,"href":"https:\/\/www.tepro.co.at\/en\/wp-json\/wp\/v2\/product_brand?post=1193"},{"taxonomy":"product_cat","embeddable":true,"href":"https:\/\/www.tepro.co.at\/en\/wp-json\/wp\/v2\/product_cat?post=1193"},{"taxonomy":"product_tag","embeddable":true,"href":"https:\/\/www.tepro.co.at\/en\/wp-json\/wp\/v2\/product_tag?post=1193"}],"curies":[{"name":"wp","href":"https:\/\/api.w.org\/{rel}","templated":true}]}}