{"id":1195,"date":"2020-07-30T10:14:54","date_gmt":"2020-07-30T10:14:54","guid":{"rendered":"https:\/\/www.tepro.co.at\/?post_type=product&#038;p=1195"},"modified":"2021-02-10T08:16:32","modified_gmt":"2021-02-10T08:16:32","slug":"glasseidenkordel-gefuellt","status":"publish","type":"product","link":"https:\/\/www.tepro.co.at\/en\/produkt\/bandagen-und-wickelmaterialien\/glasseidenkordel-gefuellt\/","title":{"rendered":"Glasseidenkordel gef\u00fcllt"},"content":{"rendered":"<ul>\n<li>W\u00e4rmeklasse H (180\u00b0C und KL C 220\u00b0C)<\/li>\n<\/ul>\n<h2>Haupteigenschaften:<\/h2>\n<ul>\n<li>Besonders rei\u00dffest<\/li>\n<li>Gute Tr\u00e4nk- und Lackresistenz<\/li>\n<li>Schmelztemperatur 800\u00b0C<\/li>\n<\/ul>\n<h2>Hauptanwendungen:<\/h2>\n<ul>\n<li>Motoren- und Trafobau<\/li>\n<li>Verschn\u00fcren von Wickelk\u00f6pfen<\/li>\n<\/ul>\n<h2>Lieferformen:<\/h2>\n<ul>\n<li>Durchmesser von \u00d8 0,5 mm bis 25 mm<\/li>\n<li>Im Bund zu 100 m im PET Sack<\/li>\n<\/ul>\n","protected":false},"excerpt":{"rendered":"<p>W\u00e4rmeklasse H (180\u00b0C und KL C 220\u00b0C) Haupteigenschaften: Besonders rei\u00dffest Gute Tr\u00e4nk- und Lackresistenz Schmelztemperatur 800\u00b0C Hauptanwendungen: Motoren- und Trafobau Verschn\u00fcren von Wickelk\u00f6pfen Lieferformen: Durchmesser von \u00d8 0,5 mm bis 25 mm Im Bund zu 100 m im PET Sack<\/p>\n","protected":false},"featured_media":1250,"template":"","meta":{"_acf_changed":false},"product_brand":[],"product_cat":[75],"product_tag":[],"class_list":{"0":"post-1195","1":"product","2":"type-product","3":"status-publish","4":"has-post-thumbnail","6":"product_cat-bandagen-und-wickelmaterialien","8":"first","9":"instock","10":"shipping-taxable","11":"product-type-simple"},"acf":[],"_links":{"self":[{"href":"https:\/\/www.tepro.co.at\/en\/wp-json\/wp\/v2\/product\/1195","targetHints":{"allow":["GET"]}}],"collection":[{"href":"https:\/\/www.tepro.co.at\/en\/wp-json\/wp\/v2\/product"}],"about":[{"href":"https:\/\/www.tepro.co.at\/en\/wp-json\/wp\/v2\/types\/product"}],"wp:featuredmedia":[{"embeddable":true,"href":"https:\/\/www.tepro.co.at\/en\/wp-json\/wp\/v2\/media\/1250"}],"wp:attachment":[{"href":"https:\/\/www.tepro.co.at\/en\/wp-json\/wp\/v2\/media?parent=1195"}],"wp:term":[{"taxonomy":"product_brand","embeddable":true,"href":"https:\/\/www.tepro.co.at\/en\/wp-json\/wp\/v2\/product_brand?post=1195"},{"taxonomy":"product_cat","embeddable":true,"href":"https:\/\/www.tepro.co.at\/en\/wp-json\/wp\/v2\/product_cat?post=1195"},{"taxonomy":"product_tag","embeddable":true,"href":"https:\/\/www.tepro.co.at\/en\/wp-json\/wp\/v2\/product_tag?post=1195"}],"curies":[{"name":"wp","href":"https:\/\/api.w.org\/{rel}","templated":true}]}}