{"id":1207,"date":"2020-09-02T12:21:51","date_gmt":"2020-09-02T12:21:51","guid":{"rendered":"https:\/\/www.tepro.co.at\/?post_type=product&#038;p=1207"},"modified":"2020-09-02T12:26:00","modified_gmt":"2020-09-02T12:26:00","slug":"bandschneiden","status":"publish","type":"product","link":"https:\/\/www.tepro.co.at\/en\/produkt\/fertigungsteile-dienstleistungen-en\/bandschneiden\/","title":{"rendered":"Bandschneiden"},"content":{"rendered":"<p>Das Lohn\u2013 und Bandschneiden von bahnf\u00f6rmigen Materialien (Papiere, Folien, Laminate, Klebeb\u00e4nder) in den Breiten von 5mm bis 1000 mm ist bei uns m\u00f6glich.<\/p>\n<p>Sonderbreiten auf Anfrage.<\/p>\n","protected":false},"excerpt":{"rendered":"<p>Das Lohn\u2013 und Bandschneiden von bahnf\u00f6rmigen Materialien (Papiere, Folien, Laminate, Klebeb\u00e4nder) in den Breiten von 5mm bis 1000 mm ist bei uns m\u00f6glich. Sonderbreiten auf Anfrage.<\/p>\n","protected":false},"featured_media":372,"template":"","meta":{"_acf_changed":false},"product_brand":[],"product_cat":[80],"product_tag":[],"class_list":{"0":"post-1207","1":"product","2":"type-product","3":"status-publish","4":"has-post-thumbnail","6":"product_cat-fertigungsteile-dienstleistungen","8":"first","9":"instock","10":"shipping-taxable","11":"product-type-simple"},"acf":[],"_links":{"self":[{"href":"https:\/\/www.tepro.co.at\/en\/wp-json\/wp\/v2\/product\/1207","targetHints":{"allow":["GET"]}}],"collection":[{"href":"https:\/\/www.tepro.co.at\/en\/wp-json\/wp\/v2\/product"}],"about":[{"href":"https:\/\/www.tepro.co.at\/en\/wp-json\/wp\/v2\/types\/product"}],"wp:featuredmedia":[{"embeddable":true,"href":"https:\/\/www.tepro.co.at\/en\/wp-json\/wp\/v2\/media\/372"}],"wp:attachment":[{"href":"https:\/\/www.tepro.co.at\/en\/wp-json\/wp\/v2\/media?parent=1207"}],"wp:term":[{"taxonomy":"product_brand","embeddable":true,"href":"https:\/\/www.tepro.co.at\/en\/wp-json\/wp\/v2\/product_brand?post=1207"},{"taxonomy":"product_cat","embeddable":true,"href":"https:\/\/www.tepro.co.at\/en\/wp-json\/wp\/v2\/product_cat?post=1207"},{"taxonomy":"product_tag","embeddable":true,"href":"https:\/\/www.tepro.co.at\/en\/wp-json\/wp\/v2\/product_tag?post=1207"}],"curies":[{"name":"wp","href":"https:\/\/api.w.org\/{rel}","templated":true}]}}