{"id":68,"date":"2020-01-09T12:35:12","date_gmt":"2020-01-09T12:35:12","guid":{"rendered":"https:\/\/www.tepro.co.at\/?post_type=product&#038;p=68"},"modified":"2023-03-15T12:15:06","modified_gmt":"2023-03-15T12:15:06","slug":"hartgewebeplatten-hgw-2082","status":"publish","type":"product","link":"https:\/\/www.tepro.co.at\/en\/produkt\/starre-isolierstoffe-en\/platten-en\/hartgewebeplatten-hgw-2082\/","title":{"rendered":"Hartgewebeplatte HGW 2082"},"content":{"rendered":"<ul>\n<li>W\u00e4rmeklasse E (120\u00b0C)<\/li>\n<\/ul>\n<p>Hartgewebeplatten werden aus bahnf\u00f6rmigen Lagen mit Spezialbaumwollgewebe als Tr\u00e4ger und aush\u00e4rtbaren Kunstharzen mit Spezialmaschinen in Bahnen Lage f\u00fcr Lage unter hohem Druck mit Platten gepresst und danach w\u00e4rmebehandelt.<\/p>\n<h2>Haupteigenschaften:<\/h2>\n<ul>\n<li>Leichte Bearbeitbarkeit (Bohren u. Fr\u00e4sen)<\/li>\n<li>Hohe mechanische Festigkeit<\/li>\n<li>Formbest\u00e4ndigkeit bei \u2265 120\u00b0C<\/li>\n<li>Hervorragende Elektrische EigenschaftenIsolierf\u00e4higkeit<\/li>\n<li>Hervorragende Gleiteigenschaften<\/li>\n<\/ul>\n<h2>Hauptanwendungen:<\/h2>\n<ul>\n<li>Distanzhalter<\/li>\n<li>CNC-Teile f\u00fcr Apparate- und Maschinenbau<\/li>\n<li>Starkstromschalterbau etc.<\/li>\n<\/ul>\n<h2>Lieferformen:<\/h2>\n<ul>\n<li>Roh gepresst und endkontrolliert nach ISO 9001<\/li>\n<li>Platten in Gro\u00df- und Kleinformat<\/li>\n<li>In St\u00e4rken von 1 mm bis 100 mm<\/li>\n<li>Formteile laut Zeichnung<\/li>\n<\/ul>\n","protected":false},"excerpt":{"rendered":"<p>W\u00e4rmeklasse E (120\u00b0C) Hartgewebeplatten werden aus bahnf\u00f6rmigen Lagen mit Spezialbaumwollgewebe als Tr\u00e4ger und aush\u00e4rtbaren Kunstharzen mit Spezialmaschinen in Bahnen Lage f\u00fcr Lage unter hohem Druck mit Platten gepresst und danach w\u00e4rmebehandelt. Haupteigenschaften: Leichte Bearbeitbarkeit (Bohren u. Fr\u00e4sen) Hohe mechanische Festigkeit Formbest\u00e4ndigkeit bei \u2265 120\u00b0C Hervorragende Elektrische EigenschaftenIsolierf\u00e4higkeit Hervorragende Gleiteigenschaften Hauptanwendungen: Distanzhalter CNC-Teile f\u00fcr Apparate- und&hellip;<\/p>\n","protected":false},"featured_media":1328,"template":"","meta":{"_acf_changed":false},"product_brand":[],"product_cat":[70],"product_tag":[],"class_list":{"0":"post-68","1":"product","2":"type-product","3":"status-publish","4":"has-post-thumbnail","6":"product_cat-platten","8":"first","9":"instock","10":"shipping-taxable","11":"product-type-simple"},"acf":[],"_links":{"self":[{"href":"https:\/\/www.tepro.co.at\/en\/wp-json\/wp\/v2\/product\/68","targetHints":{"allow":["GET"]}}],"collection":[{"href":"https:\/\/www.tepro.co.at\/en\/wp-json\/wp\/v2\/product"}],"about":[{"href":"https:\/\/www.tepro.co.at\/en\/wp-json\/wp\/v2\/types\/product"}],"wp:featuredmedia":[{"embeddable":true,"href":"https:\/\/www.tepro.co.at\/en\/wp-json\/wp\/v2\/media\/1328"}],"wp:attachment":[{"href":"https:\/\/www.tepro.co.at\/en\/wp-json\/wp\/v2\/media?parent=68"}],"wp:term":[{"taxonomy":"product_brand","embeddable":true,"href":"https:\/\/www.tepro.co.at\/en\/wp-json\/wp\/v2\/product_brand?post=68"},{"taxonomy":"product_cat","embeddable":true,"href":"https:\/\/www.tepro.co.at\/en\/wp-json\/wp\/v2\/product_cat?post=68"},{"taxonomy":"product_tag","embeddable":true,"href":"https:\/\/www.tepro.co.at\/en\/wp-json\/wp\/v2\/product_tag?post=68"}],"curies":[{"name":"wp","href":"https:\/\/api.w.org\/{rel}","templated":true}]}}