{"id":69,"date":"2020-01-09T12:35:48","date_gmt":"2020-01-09T12:35:48","guid":{"rendered":"https:\/\/www.tepro.co.at\/?post_type=product&#038;p=69"},"modified":"2021-02-10T12:40:56","modified_gmt":"2021-02-10T12:40:56","slug":"epoxidplatten-hgw-2372-4-155c","status":"publish","type":"product","link":"https:\/\/www.tepro.co.at\/en\/produkt\/starre-isolierstoffe-en\/platten-en\/epoxidplatten-hgw-2372-4-155c\/","title":{"rendered":"Epoxidplatte HGW 2372.4 155\u00b0C"},"content":{"rendered":"<ul>\n<li>W\u00e4rmeklasse F (155\u00b0C)<\/li>\n<\/ul>\n<p>Epoxidplatten werden aus bahnf\u00f6rmigen Lagen aus Spezialglasgewebe als Tr\u00e4ger und aush\u00e4rtbaren Epoxidharz mit Spezialmaschinen in Bahnen Lage f\u00fcr Lage unter hohem Druck mit Platten gepresst und danach w\u00e4rmebehandelt.<\/p>\n<h2>Haupteigenschaften:<\/h2>\n<ul>\n<li>Hohe mechanische Festigkeit<\/li>\n<li>Gute Temperatur- und Formbest\u00e4ndigkeit<\/li>\n<li>Weitgehende Chemikalienbest\u00e4ndigkeit<\/li>\n<li>Gute mechanische Bearbeitbarkeit<\/li>\n<li>Hervorragende Gleiteigenschaften<\/li>\n<li>Ausgezeichnete elektrische Isoliereigenschaften<\/li>\n<\/ul>\n<h2>Lieferformen:<\/h2>\n<ul>\n<li>Roh gepresst und endkontrolliert nach ISO 9001<\/li>\n<li>Platten in Gro\u00df- und Kleinformat<\/li>\n<li>In St\u00e4rken von 0,5 mm bis 80 mm<\/li>\n<li>Formteile laut Zeichnung<\/li>\n<\/ul>\n","protected":false},"excerpt":{"rendered":"<p>W\u00e4rmeklasse F (155\u00b0C) Epoxidplatten werden aus bahnf\u00f6rmigen Lagen aus Spezialglasgewebe als Tr\u00e4ger und aush\u00e4rtbaren Epoxidharz mit Spezialmaschinen in Bahnen Lage f\u00fcr Lage unter hohem Druck mit Platten gepresst und danach w\u00e4rmebehandelt. Haupteigenschaften: Hohe mechanische Festigkeit Gute Temperatur- und Formbest\u00e4ndigkeit Weitgehende Chemikalienbest\u00e4ndigkeit Gute mechanische Bearbeitbarkeit Hervorragende Gleiteigenschaften Ausgezeichnete elektrische Isoliereigenschaften Lieferformen: Roh gepresst und endkontrolliert nach&hellip;<\/p>\n","protected":false},"featured_media":1318,"template":"","meta":{"_acf_changed":false},"product_brand":[],"product_cat":[70],"product_tag":[],"class_list":{"0":"post-69","1":"product","2":"type-product","3":"status-publish","4":"has-post-thumbnail","6":"product_cat-platten","8":"first","9":"instock","10":"shipping-taxable","11":"product-type-simple"},"acf":[],"_links":{"self":[{"href":"https:\/\/www.tepro.co.at\/en\/wp-json\/wp\/v2\/product\/69","targetHints":{"allow":["GET"]}}],"collection":[{"href":"https:\/\/www.tepro.co.at\/en\/wp-json\/wp\/v2\/product"}],"about":[{"href":"https:\/\/www.tepro.co.at\/en\/wp-json\/wp\/v2\/types\/product"}],"wp:featuredmedia":[{"embeddable":true,"href":"https:\/\/www.tepro.co.at\/en\/wp-json\/wp\/v2\/media\/1318"}],"wp:attachment":[{"href":"https:\/\/www.tepro.co.at\/en\/wp-json\/wp\/v2\/media?parent=69"}],"wp:term":[{"taxonomy":"product_brand","embeddable":true,"href":"https:\/\/www.tepro.co.at\/en\/wp-json\/wp\/v2\/product_brand?post=69"},{"taxonomy":"product_cat","embeddable":true,"href":"https:\/\/www.tepro.co.at\/en\/wp-json\/wp\/v2\/product_cat?post=69"},{"taxonomy":"product_tag","embeddable":true,"href":"https:\/\/www.tepro.co.at\/en\/wp-json\/wp\/v2\/product_tag?post=69"}],"curies":[{"name":"wp","href":"https:\/\/api.w.org\/{rel}","templated":true}]}}