{"id":71,"date":"2020-01-09T12:36:59","date_gmt":"2020-01-09T12:36:59","guid":{"rendered":"https:\/\/www.tepro.co.at\/?post_type=product&#038;p=71"},"modified":"2021-02-10T12:35:24","modified_gmt":"2021-02-10T12:35:24","slug":"glimmerband-poroband-0410","status":"publish","type":"product","link":"https:\/\/www.tepro.co.at\/en\/produkt\/starre-isolierstoffe-en\/hochtemperaturwerkstoffe-en\/glimmerband-poroband-0410\/","title":{"rendered":"Glimmerband Poroband 0410"},"content":{"rendered":"<ul>\n<li>W\u00e4rmeklasse C (220\u00b0C) und h\u00f6her<\/li>\n<\/ul>\n<p>Glimmerwerkstoffe sind anorganisch gebundene Verbundwerkstoffe. Sie beinhalten je nach Ausf\u00fchrung Matrixwerkstoffe aus Silikat, Glas und Silikone, sowie verschiedene F\u00fcllstoffe aus Glasgewebe und -fasern zur Verst\u00e4rkung.<\/p>\n<h2>Haupteigenschaften:<\/h2>\n<ul>\n<li>Sehr gute Hitze- und Temperaturbest\u00e4ndigkeit<\/li>\n<li>Hohe elektrische Durchschlagsfestigkeit<\/li>\n<li>Geringe W\u00e4rmeleitf\u00e4higkeit<\/li>\n<li>Gute chemische Best\u00e4ndigkeit<\/li>\n<\/ul>\n<h2>Hauptanwendungen:<\/h2>\n<ul>\n<li>In Motoren mit besonderen Anforderungen<\/li>\n<\/ul>\n<h2>Lieferformen:<\/h2>\n<ul>\n<li>Aufmachung auf Kunststoffrollen I\u00d8 55 mm<\/li>\n<li>In Laufl\u00e4ngen 50 m und St\u00e4rken von 0,12 bis 0,19 mm<\/li>\n<li>In Breiten von 10 mm bis 100 mm<\/li>\n<\/ul>\n","protected":false},"excerpt":{"rendered":"<p>W\u00e4rmeklasse C (220\u00b0C) und h\u00f6her Glimmerwerkstoffe sind anorganisch gebundene Verbundwerkstoffe. Sie beinhalten je nach Ausf\u00fchrung Matrixwerkstoffe aus Silikat, Glas und Silikone, sowie verschiedene F\u00fcllstoffe aus Glasgewebe und -fasern zur Verst\u00e4rkung. Haupteigenschaften: Sehr gute Hitze- und Temperaturbest\u00e4ndigkeit Hohe elektrische Durchschlagsfestigkeit Geringe W\u00e4rmeleitf\u00e4higkeit Gute chemische Best\u00e4ndigkeit Hauptanwendungen: In Motoren mit besonderen Anforderungen Lieferformen: Aufmachung auf Kunststoffrollen I\u00d8&hellip;<\/p>\n","protected":false},"featured_media":1310,"template":"","meta":{"_acf_changed":false},"product_brand":[],"product_cat":[31],"product_tag":[],"class_list":{"0":"post-71","1":"product","2":"type-product","3":"status-publish","4":"has-post-thumbnail","6":"product_cat-hochtemperaturwerkstoffe","8":"first","9":"instock","10":"shipping-taxable","11":"product-type-simple"},"acf":[],"_links":{"self":[{"href":"https:\/\/www.tepro.co.at\/en\/wp-json\/wp\/v2\/product\/71","targetHints":{"allow":["GET"]}}],"collection":[{"href":"https:\/\/www.tepro.co.at\/en\/wp-json\/wp\/v2\/product"}],"about":[{"href":"https:\/\/www.tepro.co.at\/en\/wp-json\/wp\/v2\/types\/product"}],"wp:featuredmedia":[{"embeddable":true,"href":"https:\/\/www.tepro.co.at\/en\/wp-json\/wp\/v2\/media\/1310"}],"wp:attachment":[{"href":"https:\/\/www.tepro.co.at\/en\/wp-json\/wp\/v2\/media?parent=71"}],"wp:term":[{"taxonomy":"product_brand","embeddable":true,"href":"https:\/\/www.tepro.co.at\/en\/wp-json\/wp\/v2\/product_brand?post=71"},{"taxonomy":"product_cat","embeddable":true,"href":"https:\/\/www.tepro.co.at\/en\/wp-json\/wp\/v2\/product_cat?post=71"},{"taxonomy":"product_tag","embeddable":true,"href":"https:\/\/www.tepro.co.at\/en\/wp-json\/wp\/v2\/product_tag?post=71"}],"curies":[{"name":"wp","href":"https:\/\/api.w.org\/{rel}","templated":true}]}}