{"id":77,"date":"2020-01-09T12:40:39","date_gmt":"2020-01-09T12:40:39","guid":{"rendered":"https:\/\/www.tepro.co.at\/?post_type=product&#038;p=77"},"modified":"2021-02-10T08:59:44","modified_gmt":"2021-02-10T08:59:44","slug":"schrumpfschlauch-polyolefin","status":"publish","type":"product","link":"https:\/\/www.tepro.co.at\/en\/produkt\/isolier-und-schutzschl-en\/schrumpfschlauch-polyolefin\/","title":{"rendered":"Schrumpfschlauch \/ Polyolefin"},"content":{"rendered":"<ul>\n<li>W\u00e4rmeklasse E (120\u00b0C)<\/li>\n<\/ul>\n<h2>Haupteigenschaften:<\/h2>\n<ul>\n<li>Gute Durchschlagfestigkeit<\/li>\n<li>Sehr gute chemische Best\u00e4ndigkeit<\/li>\n<li>\u00d6lbest\u00e4ndig und abriebfest<\/li>\n<\/ul>\n<h2>Hauptanwendungen:<\/h2>\n<ul>\n<li>Isolierung und Feuchtigkeitsschutz von Kabeln<\/li>\n<li>Schutzummantelung bei Kabelverbindungen<\/li>\n<\/ul>\n<h2>Lieferformen:<\/h2>\n<ul>\n<li>Auf Spulen zu 50 m, 100 m, 300 m und 400 m, je nach Dimension<\/li>\n<li>In Standardfarbe schwarz<\/li>\n<\/ul>\n<p>Auf Anfrage auch mit Zulassungen z.B. nach CSA, UL-Listung etc.<\/p>\n<p>Sonderprodukte auf Anfrage z.B.:<\/p>\n<ul>\n<li>Schrumpfschlauch mit Innenschmelzkleber und mit Schrumpfverm\u00f6gen (z.B. 2:1, 4:1, etc.).<\/li>\n<li>Schrumpfschl\u00e4uche in Sonderfarben (rot, gelb, blau, gelb\/gr\u00fcn usw.) und f\u00fcr Temperaturen (z.B. Teflon bis 220\u00b0C).<\/li>\n<\/ul>\n","protected":false},"excerpt":{"rendered":"<p>W\u00e4rmeklasse E (120\u00b0C) Haupteigenschaften: Gute Durchschlagfestigkeit Sehr gute chemische Best\u00e4ndigkeit \u00d6lbest\u00e4ndig und abriebfest Hauptanwendungen: Isolierung und Feuchtigkeitsschutz von Kabeln Schutzummantelung bei Kabelverbindungen Lieferformen: Auf Spulen zu 50 m, 100 m, 300 m und 400 m, je nach Dimension In Standardfarbe schwarz Auf Anfrage auch mit Zulassungen z.B. nach CSA, UL-Listung etc. Sonderprodukte auf Anfrage z.B.:&hellip;<\/p>\n","protected":false},"featured_media":1290,"template":"","meta":{"_acf_changed":false},"product_brand":[],"product_cat":[38],"product_tag":[],"class_list":{"0":"post-77","1":"product","2":"type-product","3":"status-publish","4":"has-post-thumbnail","6":"product_cat-isolier-und-schutzschlaeuche","8":"first","9":"instock","10":"shipping-taxable","11":"product-type-simple"},"acf":[],"_links":{"self":[{"href":"https:\/\/www.tepro.co.at\/en\/wp-json\/wp\/v2\/product\/77","targetHints":{"allow":["GET"]}}],"collection":[{"href":"https:\/\/www.tepro.co.at\/en\/wp-json\/wp\/v2\/product"}],"about":[{"href":"https:\/\/www.tepro.co.at\/en\/wp-json\/wp\/v2\/types\/product"}],"wp:featuredmedia":[{"embeddable":true,"href":"https:\/\/www.tepro.co.at\/en\/wp-json\/wp\/v2\/media\/1290"}],"wp:attachment":[{"href":"https:\/\/www.tepro.co.at\/en\/wp-json\/wp\/v2\/media?parent=77"}],"wp:term":[{"taxonomy":"product_brand","embeddable":true,"href":"https:\/\/www.tepro.co.at\/en\/wp-json\/wp\/v2\/product_brand?post=77"},{"taxonomy":"product_cat","embeddable":true,"href":"https:\/\/www.tepro.co.at\/en\/wp-json\/wp\/v2\/product_cat?post=77"},{"taxonomy":"product_tag","embeddable":true,"href":"https:\/\/www.tepro.co.at\/en\/wp-json\/wp\/v2\/product_tag?post=77"}],"curies":[{"name":"wp","href":"https:\/\/api.w.org\/{rel}","templated":true}]}}