{"id":91,"date":"2020-01-09T13:15:26","date_gmt":"2020-01-09T13:15:26","guid":{"rendered":"https:\/\/www.tepro.co.at\/shop\/uncategorized\/polyestervlies-klebeband-typ-75100-en\/"},"modified":"2020-07-28T07:41:13","modified_gmt":"2020-07-28T07:41:13","slug":"polyestervlies-klebeband-typ-75100","status":"publish","type":"product","link":"https:\/\/www.tepro.co.at\/en\/produkt\/klebebaender2-en\/polyestervlies-klebeband-typ-75100\/","title":{"rendered":"Polyestervlies-Klebeband: Typ 75100"},"content":{"rendered":"<p>Hartpapierrohre werden aus bahnf\u00f6rmigen Lagen mit Spezialpapier als<br \/>\nTr\u00e4ger und h\u00e4rtbaren Kunstharze mit hei\u00dfen Rollen und hohem Druck hergestellt.<\/p>\n<h2>Haupteigenschaften:<\/h2>\n<ul>\n<li>Hohe mechanische Belastbarkeit<\/li>\n<li>Gute Formbest\u00e4ndigkeit<\/li>\n<li>Weitgehende Chemikalienbest\u00e4ndigkeit<\/li>\n<li>Gute mechanische Bearbeitbarkeit<\/li>\n<li>Sehr gute Rundlaufeigenschaften<\/li>\n<li>Hervorragende Gleiteigenschaften<\/li>\n<li>Ausgezeichnete elektrische Isoliereigenschaften<\/li>\n<\/ul>\n<h2>Hauptanwendung:<\/h2>\n<ul>\n<li>Hartpapierh\u00fclsen im Spulenbau<\/li>\n<li>Elektroisolierstoff bei Trafozylinder<\/li>\n<li>Folienwickelh\u00fclsen<\/li>\n<li>Induktionsspulenk\u00f6rper<\/li>\n<li>Starkstromschalterbau etc.<\/li>\n<\/ul>\n<h2>Lieferformen:<\/h2>\n<p>In Rohrl\u00e4ngen von 800, 1000, 1250 und 1500 mm je nach<\/p>\n","protected":false},"excerpt":{"rendered":"<p>Hartpapierrohre werden aus bahnf\u00f6rmigen Lagen mit Spezialpapier als Tr\u00e4ger und h\u00e4rtbaren Kunstharze mit hei\u00dfen Rollen und hohem Druck hergestellt. Haupteigenschaften: Hohe mechanische Belastbarkeit Gute Formbest\u00e4ndigkeit Weitgehende Chemikalienbest\u00e4ndigkeit Gute mechanische Bearbeitbarkeit Sehr gute Rundlaufeigenschaften Hervorragende Gleiteigenschaften Ausgezeichnete elektrische Isoliereigenschaften Hauptanwendung: Hartpapierh\u00fclsen im Spulenbau Elektroisolierstoff bei Trafozylinder Folienwickelh\u00fclsen Induktionsspulenk\u00f6rper Starkstromschalterbau etc. Lieferformen: In Rohrl\u00e4ngen von 800, 1000,&hellip;<\/p>\n","protected":false},"featured_media":1342,"template":"","meta":{"_acf_changed":false},"product_brand":[],"product_cat":[58],"product_tag":[],"class_list":{"0":"post-91","1":"product","2":"type-product","3":"status-publish","4":"has-post-thumbnail","6":"product_cat-klebebaender2-en","8":"first","9":"instock","10":"shipping-taxable","11":"product-type-simple"},"acf":[],"_links":{"self":[{"href":"https:\/\/www.tepro.co.at\/en\/wp-json\/wp\/v2\/product\/91","targetHints":{"allow":["GET"]}}],"collection":[{"href":"https:\/\/www.tepro.co.at\/en\/wp-json\/wp\/v2\/product"}],"about":[{"href":"https:\/\/www.tepro.co.at\/en\/wp-json\/wp\/v2\/types\/product"}],"wp:featuredmedia":[{"embeddable":true,"href":"https:\/\/www.tepro.co.at\/en\/wp-json\/wp\/v2\/media\/1342"}],"wp:attachment":[{"href":"https:\/\/www.tepro.co.at\/en\/wp-json\/wp\/v2\/media?parent=91"}],"wp:term":[{"taxonomy":"product_brand","embeddable":true,"href":"https:\/\/www.tepro.co.at\/en\/wp-json\/wp\/v2\/product_brand?post=91"},{"taxonomy":"product_cat","embeddable":true,"href":"https:\/\/www.tepro.co.at\/en\/wp-json\/wp\/v2\/product_cat?post=91"},{"taxonomy":"product_tag","embeddable":true,"href":"https:\/\/www.tepro.co.at\/en\/wp-json\/wp\/v2\/product_tag?post=91"}],"curies":[{"name":"wp","href":"https:\/\/api.w.org\/{rel}","templated":true}]}}